{"id":9994,"date":"2022-10-20T07:42:01","date_gmt":"2022-10-20T05:42:01","guid":{"rendered":"https:\/\/www.salinen.com\/shop\/?post_type=product&#038;p=9994"},"modified":"2026-02-02T14:20:14","modified_gmt":"2026-02-02T13:20:14","slug":"pink-yeti-himalayasalz-grob-unjodiert-400g","status":"publish","type":"product","link":"https:\/\/www.salinen.com\/shop\/de\/produkt\/pink-yeti-himalayasalz-grob-unjodiert-400g\/","title":{"rendered":"PINK YETI Himalayasalz grob &amp; unjodiert 400g"},"content":{"rendered":"<p>PINK YETI Himalaya Salz ist ein reines, naturbelassenes <strong>Steinsalz aus dem Himalaya<\/strong> Vorland in Punjab in Pakistan.<\/p>\n<p>PINK YETI ist 100 % <strong>naturbelassen, unraffiniert, unjodiert und ohne k\u00fcnstliche Zus\u00e4tze<\/strong>. Es zeichnet sich durch seine rosa Farbe und seinen milden Geschmack.<\/p>\n<p><strong class=\"blueheadline\">SALZWEISHEITEN<\/strong><br \/>\nDer pinken Farbe des PINK YETI Himalayasalz wird Spuren von Eisenverbindungen zugeschrieben. Aber dieses Salz sieht nicht nur sch\u00f6n aus, sondern ist auch in seiner Verwendung sehr vielseitig:<br \/>\nPINK YETI Himalayasalz als Speisesalz ist zum Kochen in der K\u00fcche oder zum W\u00fcrzen am Grill geeignet. Zum Nachw\u00fcrzen am Tisch eignet sich am besten das grobe PINK YETI Salz in einer M\u00fchle mit Keramikmahlwerk.<\/p>\n","protected":false},"excerpt":{"rendered":"<p>&nbsp;<\/p>\n<h2><strong>Naturbelassenes Steinsalz aus dem Himalaya Vorland.<\/strong><\/h2>\n<p>&nbsp;<\/p>\n<ul>\n<li><strong>grobk\u00f6rnig mit nat\u00fcrlichen Mineralstoffen<\/strong><\/li>\n<li><strong>vom Berg besch\u00fctzt und bewahrt<\/strong><\/li>\n<li><strong>entspricht h\u00f6chsten, \u00f6sterreichischen Qualit\u00e4tsanforderungen<\/strong><\/li>\n<li><strong>faire Arbeits- und Produktionsbedingungen<\/strong><\/li>\n<li><strong>ohne Zus\u00e4tze<\/strong><\/li>\n<li><strong>im handlichen &amp; praktischen Eurokarton<\/strong><\/li>\n<\/ul>\n","protected":false},"featured_media":10039,"comment_status":"open","ping_status":"closed","template":"","meta":[],"product_cat":[24,230],"product_tag":[],"_links":{"self":[{"href":"https:\/\/www.salinen.com\/shop\/de\/wp-json\/wp\/v2\/product\/9994"}],"collection":[{"href":"https:\/\/www.salinen.com\/shop\/de\/wp-json\/wp\/v2\/product"}],"about":[{"href":"https:\/\/www.salinen.com\/shop\/de\/wp-json\/wp\/v2\/types\/product"}],"replies":[{"embeddable":true,"href":"https:\/\/www.salinen.com\/shop\/de\/wp-json\/wp\/v2\/comments?post=9994"}],"version-history":[{"count":8,"href":"https:\/\/www.salinen.com\/shop\/de\/wp-json\/wp\/v2\/product\/9994\/revisions"}],"predecessor-version":[{"id":14013,"href":"https:\/\/www.salinen.com\/shop\/de\/wp-json\/wp\/v2\/product\/9994\/revisions\/14013"}],"wp:featuredmedia":[{"embeddable":true,"href":"https:\/\/www.salinen.com\/shop\/de\/wp-json\/wp\/v2\/media\/10039"}],"wp:attachment":[{"href":"https:\/\/www.salinen.com\/shop\/de\/wp-json\/wp\/v2\/media?parent=9994"}],"wp:term":[{"taxonomy":"product_cat","embeddable":true,"href":"https:\/\/www.salinen.com\/shop\/de\/wp-json\/wp\/v2\/product_cat?post=9994"},{"taxonomy":"product_tag","embeddable":true,"href":"https:\/\/www.salinen.com\/shop\/de\/wp-json\/wp\/v2\/product_tag?post=9994"}],"curies":[{"name":"wp","href":"https:\/\/api.w.org\/{rel}","templated":true}]}}