{"id":9991,"date":"2022-10-20T07:38:17","date_gmt":"2022-10-20T05:38:17","guid":{"rendered":"https:\/\/www.salinen.com\/shop\/?post_type=product&#038;p=9991"},"modified":"2026-03-29T10:59:45","modified_gmt":"2026-03-29T08:59:45","slug":"odina-meersalz-fein-unjodiert-500g","status":"publish","type":"product","link":"https:\/\/www.salinen.com\/shop\/de\/produkt\/odina-meersalz-fein-unjodiert-500g\/","title":{"rendered":"ODINA Meersalz fein &amp; unjodiert 500g"},"content":{"rendered":"<p>ODINA Meersalz eignet sich hervorragend f\u00fcr die mediterrane K\u00fcche und f\u00fcr den bewussten Genuss.<\/p>\n<p><strong class=\"blueheadline\">SALZWEISHEITEN<\/strong><br \/>\nMeersalz wird mit der \u00e4ltesten Methode gewonnen: Salzwasser wird vom Meer in gro\u00dfe, flache Becken, in sogenannte Salzg\u00e4rten, geleitet. Durch Wind und Sonneneinstrahlung verdunstet das Salzwasser und es entsteht kristallisiertes Meersalz. ODINA Meersalz ist auf diese Art und Weise in Salzg\u00e4rten im Mittelmeer entstanden.<\/p>\n","protected":false},"excerpt":{"rendered":"<p>&nbsp;<\/p>\n<ul>\n<li><strong>hohe Konzentration an Mineralien und Spurenelementen <\/strong><\/li>\n<li><strong>weicher, milder Geschmack<\/strong><\/li>\n<li><strong>f\u00fcr bewusste K\u00fcche<\/strong><\/li>\n<li><strong>geeignet zum Kochen &amp; Verfeinern<\/strong><\/li>\n<li><strong>im handlichen &amp; praktischen Eurokarton<\/strong><\/li>\n<\/ul>\n","protected":false},"featured_media":10025,"comment_status":"open","ping_status":"closed","template":"","meta":[],"product_cat":[24,229],"product_tag":[],"_links":{"self":[{"href":"https:\/\/www.salinen.com\/shop\/de\/wp-json\/wp\/v2\/product\/9991"}],"collection":[{"href":"https:\/\/www.salinen.com\/shop\/de\/wp-json\/wp\/v2\/product"}],"about":[{"href":"https:\/\/www.salinen.com\/shop\/de\/wp-json\/wp\/v2\/types\/product"}],"replies":[{"embeddable":true,"href":"https:\/\/www.salinen.com\/shop\/de\/wp-json\/wp\/v2\/comments?post=9991"}],"version-history":[{"count":5,"href":"https:\/\/www.salinen.com\/shop\/de\/wp-json\/wp\/v2\/product\/9991\/revisions"}],"predecessor-version":[{"id":10300,"href":"https:\/\/www.salinen.com\/shop\/de\/wp-json\/wp\/v2\/product\/9991\/revisions\/10300"}],"wp:featuredmedia":[{"embeddable":true,"href":"https:\/\/www.salinen.com\/shop\/de\/wp-json\/wp\/v2\/media\/10025"}],"wp:attachment":[{"href":"https:\/\/www.salinen.com\/shop\/de\/wp-json\/wp\/v2\/media?parent=9991"}],"wp:term":[{"taxonomy":"product_cat","embeddable":true,"href":"https:\/\/www.salinen.com\/shop\/de\/wp-json\/wp\/v2\/product_cat?post=9991"},{"taxonomy":"product_tag","embeddable":true,"href":"https:\/\/www.salinen.com\/shop\/de\/wp-json\/wp\/v2\/product_tag?post=9991"}],"curies":[{"name":"wp","href":"https:\/\/api.w.org\/{rel}","templated":true}]}}