{"id":3238,"date":"2021-12-30T13:13:03","date_gmt":"2021-12-30T13:13:03","guid":{"rendered":"https:\/\/www.salinen.com\/shop\/?post_type=product&#038;p=3238"},"modified":"2026-02-18T07:41:36","modified_gmt":"2026-02-18T06:41:36","slug":"gardena-streuhilfe-12l","status":"publish","type":"product","link":"https:\/\/www.salinen.com\/shop\/de\/produkt\/gardena-streuhilfe-12l\/","title":{"rendered":"GARDENA Streuhilfe 1,2l"},"content":{"rendered":"<p>Mit Hilfe der praktischen Streuhilfe ist es jetzt ganz einfach m\u00f6glich das Auftausalz dosiert auf eisigen Fl\u00e4chen zu verteilen. Aber auch Splitt und Sand lassen sich aufgrund der verstellbaren Streu\u00f6ffnung perfekt ausbringen. Hier k\u00f6nnen Sie je nach verwendeten Streugut die Ausgabe\u00f6ffnung von fein bis grob verstellen. Zum Bef\u00fcllen kann der Griffteil auch ganz einfach als Schaufel benutzt werden.<\/p>\n","protected":false},"excerpt":{"rendered":"<p>&nbsp;<\/p>\n<p>Leichtes Ausbringen von Salz, Splitt, Sand oder D\u00fcngemittel.<\/p>\n<ul>\n<li>Fassungsverm\u00f6gen 1,2l bzw. 1,4kg Salz<\/li>\n<li>bequemes Bef\u00fcllen<\/li>\n<li>Einstellung grob bis fein<\/li>\n<\/ul>\n","protected":false},"featured_media":6668,"comment_status":"open","ping_status":"closed","template":"","meta":[],"product_cat":[29,33],"product_tag":[],"_links":{"self":[{"href":"https:\/\/www.salinen.com\/shop\/de\/wp-json\/wp\/v2\/product\/3238"}],"collection":[{"href":"https:\/\/www.salinen.com\/shop\/de\/wp-json\/wp\/v2\/product"}],"about":[{"href":"https:\/\/www.salinen.com\/shop\/de\/wp-json\/wp\/v2\/types\/product"}],"replies":[{"embeddable":true,"href":"https:\/\/www.salinen.com\/shop\/de\/wp-json\/wp\/v2\/comments?post=3238"}],"version-history":[{"count":4,"href":"https:\/\/www.salinen.com\/shop\/de\/wp-json\/wp\/v2\/product\/3238\/revisions"}],"predecessor-version":[{"id":10517,"href":"https:\/\/www.salinen.com\/shop\/de\/wp-json\/wp\/v2\/product\/3238\/revisions\/10517"}],"wp:featuredmedia":[{"embeddable":true,"href":"https:\/\/www.salinen.com\/shop\/de\/wp-json\/wp\/v2\/media\/6668"}],"wp:attachment":[{"href":"https:\/\/www.salinen.com\/shop\/de\/wp-json\/wp\/v2\/media?parent=3238"}],"wp:term":[{"taxonomy":"product_cat","embeddable":true,"href":"https:\/\/www.salinen.com\/shop\/de\/wp-json\/wp\/v2\/product_cat?post=3238"},{"taxonomy":"product_tag","embeddable":true,"href":"https:\/\/www.salinen.com\/shop\/de\/wp-json\/wp\/v2\/product_tag?post=3238"}],"curies":[{"name":"wp","href":"https:\/\/api.w.org\/{rel}","templated":true}]}}