{"id":3229,"date":"2021-12-30T12:28:56","date_gmt":"2021-12-30T11:28:56","guid":{"rendered":"https:\/\/www.salinen.com\/shop\/?post_type=product&#038;p=3229"},"modified":"2026-04-02T16:08:59","modified_gmt":"2026-04-02T14:08:59","slug":"salpina-abo-pool-salz-2x10kg","status":"publish","type":"product","link":"https:\/\/www.salinen.com\/shop\/de\/produkt\/salpina-abo-pool-salz-2x10kg\/","title":{"rendered":"SALPINA POOL-SALZ 2x10kg"},"content":{"rendered":"<div class=\"row thb-product-main-row\">\n<div class=\"container\">\n<div class=\"row\">\n<div class=\"col-xs-6 col-sm-4 col-md-3 col-lg-1\" style=\"text-align: center;\"><img loading=\"lazy\" class=\"alignnone size-medium wp-image-4970\" src=\"https:\/\/www.salinen.com\/shop\/wp-content\/uploads\/2022\/04\/ICON_OhneChemie_RAUTE.png\" alt=\"Ohne Trennmittel\" width=\"100\" height=\"100\" \/><br \/>\n<span style=\"text-align: center; font-size: 11px; font-weight: bold;\">OHNE<br \/>\nTRENNMITTEL<\/span><\/div>\n<div class=\"col-xs-6 col-sm-4 col-md-3 col-lg-2\" style=\"text-align: center;\"><img loading=\"lazy\" class=\"alignnone size-medium wp-image-4968\" src=\"https:\/\/www.salinen.com\/shop\/wp-content\/uploads\/2022\/04\/ICON_KeineMeeresverschmutzung_RAUTE.png\" alt=\"Keine Meeresverschmutzung\" width=\"100\" height=\"100\" \/><br \/>\n<span style=\"text-align: center; font-size: 11px; font-weight: bold;\">KEINE<br \/>\nMEERESVERSCHMUTZUNG<\/span><\/div>\n<div class=\"col-xs-6 col-sm-4 col-md-3 col-lg-1\" style=\"text-align: center;\"><img loading=\"lazy\" class=\"alignnone size-medium wp-image-4966\" src=\"https:\/\/www.salinen.com\/shop\/wp-content\/uploads\/2022\/04\/ICON_100NaCl_RAUTE.png\" alt=\"Hautfreundlich\" width=\"100\" height=\"100\" \/><br \/>\n<span style=\"text-align: center; font-size: 11px; font-weight: bold;\">100%<br \/>\nSALZ<\/span><\/div>\n<div class=\"col-xs-6 col-sm-4 col-md-3 col-lg-2\" style=\"text-align: center;\"><img loading=\"lazy\" class=\"alignnone size-medium wp-image-4962\" src=\"https:\/\/www.salinen.com\/shop\/wp-content\/uploads\/2022\/04\/ICON_Hautfreundlich_RAUTE.png\" alt=\"Sehr hautfreundlich\" width=\"100\" height=\"100\" \/><br \/>\n<span style=\"text-align: center; font-size: 11px; font-weight: bold;\">SEHR<br \/>\nHAUTFREUNDLICH<\/span><\/div>\n<\/div>\n<\/div>\n<div class=\"small-12 medium-6 columns\" style=\"margin-top: 20px;\">\n<p>Mild, hochwertig und naturbelassen &#8211; das <strong>SALPINA Poolsalz wirkt ganz ohne Zusatzstoffe<\/strong> und ist selbstverst\u00e4ndlich ohne Trennmittel. <strong>SALPINA Poolsalz<\/strong> ist reinstes Siedesalz aus den \u00f6sterreichischen Alpen. Es l\u00f6st sich rasch und komplett auf und ist damit optimal f\u00fcr alle Salzelektrolyse-Anlagen von Schwimmb\u00e4dern und Pools geeignet. <strong>SALPINA Poolsalz<\/strong> sorgt f\u00fcr eine haut- und augenfreundliche Wasserqualit\u00e4t. Au\u00dferdem schont h\u00f6chst konzentriertes Siedesalz die Umwelt und gleichzeitig auch Ihre Poolanlage, weil es keinerlei R\u00fcckst\u00e4nde von Meeresverschmutzung oder anderen Verschmutzungen enth\u00e4lt. Es verhindert Kalkablagerungen und reduziert damit die Wartungs- und Energiekosten Ihrer Poolanlage.<\/p>\n<p><strong>Eigenes Pr\u00fcflabor:<\/strong> Wir garantieren h\u00f6chste Produkt- &amp; Prozess-Sicherheit durch laufendes Qualit\u00e4tsmanagement. <strong>SALPINA Poolsalz entspricht den Normen: EN 973:2009 Typ A, EN 14805:2008 Typ 1, EN 16401:2013 Typ A, Biozid VO (EU) No 528\/2012 und ECHA Zulassungsnummer EU-0012569-0000.<\/strong><\/p>\n<p><strong>H\u00f6chste Effektivit\u00e4t: \u00fcber 99,9 % NaCI Reinheit sichert h\u00f6chste Wirkung.<\/strong><\/p>\n<p><strong>Warum Poolsalz?<\/strong><br \/>\nSalzelektrolyse-Anlagen wandeln Poolsalz in Chlor um. \u00dcber mehrere Prozesse entsteht so eine Natriumhypochlorit-Lauge, die eine leicht antiseptische Wirkung hat. Sie reinigt das Wasser von Bakterien, Viren und anderen Krankheitserregern. Aber keine Angst: Die Natriumhypochlorit-Lauge ist nicht von langer Lebensdauer, denn sie gibt ihren Sauerstoff wieder ab und die Verbindung zerf\u00e4llt innerhalb weniger Stunden, um sich wieder in Salz (NaCl) zur\u00fcck zu verwandeln. Der Kreis schlie\u00dft sich und der Elektrolyse-Prozess beginnt von Neuem. Das Ergebnis: dauerhaft sauberes und klares Wasser, gereinigt von der Kraft der Natur.<\/p>\n<\/div>\n<div style=\"height: 10px; clear: both;\"><\/div>\n<\/div>\n","protected":false},"excerpt":{"rendered":"<h2>Poolsalz \u2013 nat\u00fcrlich kraftvoll ohne Trennmittel f\u00fcr Salzelektrolyse-Anlagen &amp; Chlorinatoren<\/h2>\n<p>&nbsp;<\/p>\n<p>SALPINA garantiert h\u00f6chstm\u00f6gliche Qualit\u00e4t aus \u00d6sterreich und sorgt ohne Zusatzstoffe f\u00fcr hautfreundliche Wasserqualit\u00e4t.<\/p>\n<ul>\n<li><strong>angenehmes Hautgef\u00fchl<\/strong><\/li>\n<li><strong>ohne Trennmittel &amp; ohne Zusatzstoffe<\/strong><\/li>\n<li><strong>hochwertig &amp; naturbelassen<\/strong><\/li>\n<li><strong>100 % biologisch abbaubar<\/strong><\/li>\n<li><strong>100 % aus \u00d6sterreichs Alpen<\/strong><\/li>\n<li><strong>nat\u00fcrlicher Rohstoff<\/strong><\/li>\n<li><strong>h\u00f6chste Effektivit\u00e4t<\/strong><\/li>\n<li><strong>h\u00f6chster Verwendungskomfort<\/strong><\/li>\n<li><strong>Verpackung mit h\u00f6chstm\u00f6glichen Recyclinganteil<\/strong><\/li>\n<li><strong>f\u00fcr alle Salzwasserelektrolyse-Anlagen geeignet<\/strong><\/li>\n<\/ul>\n","protected":false},"featured_media":6660,"comment_status":"open","ping_status":"closed","template":"","meta":[],"product_cat":[29,34,197],"product_tag":[],"_links":{"self":[{"href":"https:\/\/www.salinen.com\/shop\/de\/wp-json\/wp\/v2\/product\/3229"}],"collection":[{"href":"https:\/\/www.salinen.com\/shop\/de\/wp-json\/wp\/v2\/product"}],"about":[{"href":"https:\/\/www.salinen.com\/shop\/de\/wp-json\/wp\/v2\/types\/product"}],"replies":[{"embeddable":true,"href":"https:\/\/www.salinen.com\/shop\/de\/wp-json\/wp\/v2\/comments?post=3229"}],"version-history":[{"count":25,"href":"https:\/\/www.salinen.com\/shop\/de\/wp-json\/wp\/v2\/product\/3229\/revisions"}],"predecessor-version":[{"id":24194,"href":"https:\/\/www.salinen.com\/shop\/de\/wp-json\/wp\/v2\/product\/3229\/revisions\/24194"}],"wp:featuredmedia":[{"embeddable":true,"href":"https:\/\/www.salinen.com\/shop\/de\/wp-json\/wp\/v2\/media\/6660"}],"wp:attachment":[{"href":"https:\/\/www.salinen.com\/shop\/de\/wp-json\/wp\/v2\/media?parent=3229"}],"wp:term":[{"taxonomy":"product_cat","embeddable":true,"href":"https:\/\/www.salinen.com\/shop\/de\/wp-json\/wp\/v2\/product_cat?post=3229"},{"taxonomy":"product_tag","embeddable":true,"href":"https:\/\/www.salinen.com\/shop\/de\/wp-json\/wp\/v2\/product_tag?post=3229"}],"curies":[{"name":"wp","href":"https:\/\/api.w.org\/{rel}","templated":true}]}}