{"id":31852,"date":"2026-02-17T10:51:08","date_gmt":"2026-02-17T09:51:08","guid":{"rendered":"https:\/\/www.salinen.com\/shop\/?post_type=product&#038;p=31852"},"modified":"2026-04-15T16:50:16","modified_gmt":"2026-04-15T14:50:16","slug":"kochbuch-regional-global","status":"publish","type":"product","link":"https:\/\/www.salinen.com\/shop\/de\/produkt\/kochbuch-regional-global\/","title":{"rendered":"Kochbuch Regional &#8211; Global"},"content":{"rendered":"<p style=\"font-weight: 400;\">REGIONAL. GLOBAL \u2013 zwei Welten, zwei K\u00f6che \u2013 ein Kochbuch.<\/p>\n<p style=\"font-weight: 400;\">Das Verst\u00e4ndnis f\u00fcr sein Handwerk entnimmt <strong>Andreas D\u00f6llerer<\/strong>\u00a0einer tief verinnerlichten Haltung, die \u00fcber Jahrtausende das Zusammenleben von Mensch und Natur gepr\u00e4gt hat: Das ganze Tier, die ganze Pflanze ist wertvoll. Das gebietet der Respekt gegen\u00fcber der Natur und was wir ihr zum Zwecke der Ern\u00e4hrung abringen. Freilich sind in der Vermarktung kosmopolitisch anmutende Slogans produktiver. So sind wir also bei <strong>Leaf to Root<\/strong>, <strong>Nose to Tail<\/strong>\u00a0oder Zero Waste gelandet. Mit letzterem n\u00e4hern wir uns terminologisch schon jenem simplen \u201eMa schmei\u00dft nix weg&#8220; an, das uns an die K\u00fcche von Andreas D\u00f6llerer heranf\u00fchren soll. Nicht die Gustost\u00fcckln &#8211; das gilt f\u00fcr Tier und Pflanze &#8211; sind also in den folgenden Kapiteln der Ausgangspunkt der Rezepte, sondern eine Liebeserkl\u00e4rung an traditionelle Kochtechniken und die Achtung jener Mittel, die wir zum Leben brauchen.<\/p>\n<p style=\"font-weight: 400;\"><strong>S\u00f6ren Herzigs <\/strong>K\u00fcche ist ein Zugest\u00e4ndnis an die Sch\u00f6nheit. Daf\u00fcr sch\u00f6pft er aus dem Vollen &#8211; und das sieht man seinen Gerichten auch an: Sie erz\u00e4hlen Geschichten, wecken Erinnerungen, im Zentrum also die Idee, nicht ein einzelnes Produkt. Erst die Kombination aller Zutaten l\u00f6st das sch\u00f6pferische Versprechen ein: Der Kunstgenuss wird hier beim Wort genommen. In zwei Kapiteln entf\u00fchrt uns Herzig in fremde Welten und vertraute Geschichten &#8211; <strong>Zu Wasser<\/strong>\u00a0und <strong>Zu Land.<\/strong><\/p>\n<p style=\"font-weight: 400;\">Zu Land widmet sich S\u00f6ren Herzig Gem\u00fcse, Wild, Gefl\u00fcgel und all den Sch\u00e4tzen zu, die Bauernh\u00f6fe, Felder und W\u00e4lder hervorbringen. So entstehen Gerichte, die vertraut wirken, aber durch pr\u00e4zise Technik und kreative Aromen neue Wege gehen.<\/p>\n<p style=\"font-weight: 400;\">Verbindend im Zentrum des als Wendebuch gestalteten Kochbuchs steht ein besonderes Salz: BAD ISCHLER Salzzart, ein Gourmetsalz aus zart-knusprigen Salzflocken aus der Salz-Manufaktur am D\u00fcrrnberg bei Hallein. Hier wird seit 2020 BAD ISCHLER Salzzart in vier Pfannen aus Natursole hergestellt, h\u00e4ndisch vom Pfannmeister abgesch\u00f6pft und abgef\u00fcllt. Die Salz-Manufaktur befindet sich am Areal der Salzwelten Hallein und kann von Interessierten besichtigt werden.<\/p>\n<p style=\"font-weight: 400;\">Aber nat\u00fcrlich liefert das Buch auch Inspirationen, die gerade auf visueller Ebene alle Sinne anregen.<br \/>\nDie Fotos stammen vom Grazer Fotografen Lex Karelly. Sie spiegeln den jeweiligen Stil der K\u00f6che spielerisch wider.<\/p>\n","protected":false},"excerpt":{"rendered":"<h2>Regional. Global &#8211; zwei Welten, zwei K\u00f6che &#8211; ein Kochbuch<\/h2>\n<p>&nbsp;<\/p>\n<p>Mit Rezepten von Andreas D\u00f6llerer und S\u00f6ren Herzig.<\/p>\n<ul>\n<li><strong>Leaf to Root, Nose to Tail &#8211; Zero Waste<\/strong><\/li>\n<li><strong>Zu Wasser. Zu Land.<\/strong><\/li>\n<li><strong>Wendebuch<\/strong><\/li>\n<\/ul>\n","protected":false},"featured_media":31854,"comment_status":"open","ping_status":"closed","template":"","meta":[],"product_cat":[236],"product_tag":[],"_links":{"self":[{"href":"https:\/\/www.salinen.com\/shop\/de\/wp-json\/wp\/v2\/product\/31852"}],"collection":[{"href":"https:\/\/www.salinen.com\/shop\/de\/wp-json\/wp\/v2\/product"}],"about":[{"href":"https:\/\/www.salinen.com\/shop\/de\/wp-json\/wp\/v2\/types\/product"}],"replies":[{"embeddable":true,"href":"https:\/\/www.salinen.com\/shop\/de\/wp-json\/wp\/v2\/comments?post=31852"}],"version-history":[{"count":1,"href":"https:\/\/www.salinen.com\/shop\/de\/wp-json\/wp\/v2\/product\/31852\/revisions"}],"predecessor-version":[{"id":31874,"href":"https:\/\/www.salinen.com\/shop\/de\/wp-json\/wp\/v2\/product\/31852\/revisions\/31874"}],"wp:featuredmedia":[{"embeddable":true,"href":"https:\/\/www.salinen.com\/shop\/de\/wp-json\/wp\/v2\/media\/31854"}],"wp:attachment":[{"href":"https:\/\/www.salinen.com\/shop\/de\/wp-json\/wp\/v2\/media?parent=31852"}],"wp:term":[{"taxonomy":"product_cat","embeddable":true,"href":"https:\/\/www.salinen.com\/shop\/de\/wp-json\/wp\/v2\/product_cat?post=31852"},{"taxonomy":"product_tag","embeddable":true,"href":"https:\/\/www.salinen.com\/shop\/de\/wp-json\/wp\/v2\/product_tag?post=31852"}],"curies":[{"name":"wp","href":"https:\/\/api.w.org\/{rel}","templated":true}]}}