{"id":3172,"date":"2021-12-30T09:57:39","date_gmt":"2021-12-30T08:57:39","guid":{"rendered":"https:\/\/www.salinen.com\/shop\/?post_type=product&#038;p=3172"},"modified":"2024-01-19T19:49:22","modified_gmt":"2024-01-19T18:49:22","slug":"salpina-abo-auftau-salz-4x5kg","status":"publish","type":"product","link":"https:\/\/www.salinen.com\/shop\/de\/produkt\/salpina-abo-auftau-salz-4x5kg\/","title":{"rendered":"SALPINA AUFTAU-SALZ 4x5kg"},"content":{"rendered":"<div class=\"row thb-product-main-row\">\n<div class=\"container\">\n<div class=\"row\">\n<div class=\"col-xs-6 col-sm-4 col-md-3 col-lg-1\" style=\"text-align: center;\"><img loading=\"lazy\" class=\"alignnone size-medium wp-image-4970\" src=\"https:\/\/www.salinen.com\/shop\/wp-content\/uploads\/2022\/05\/ICON_schnelle-Wirkung.png\" alt=\"Schnelle Wirkung\" width=\"100\" height=\"100\" \/><br \/>\n<span style=\"text-align: center; font-size: 11px; font-weight: bold;\">SCHNELLE<br \/>\nWIRKUNG<\/span><\/div>\n<div class=\"col-xs-6 col-sm-4 col-md-3 col-lg-2\" style=\"text-align: center;\"><img loading=\"lazy\" class=\"alignnone size-medium wp-image-4968\" src=\"https:\/\/www.salinen.com\/shop\/wp-content\/uploads\/2022\/04\/ICON_OhneChemie_RAUTE.png\" alt=\"Ohne Chemie\" width=\"100\" height=\"100\" \/><br \/>\n<span style=\"text-align: center; font-size: 11px; font-weight: bold;\">OHNE<br \/>\nCHEMIE<\/span><\/div>\n<div class=\"col-xs-6 col-sm-4 col-md-3 col-lg-1\" style=\"text-align: center;\"><img loading=\"lazy\" class=\"alignnone size-medium wp-image-4966\" src=\"https:\/\/www.salinen.com\/shop\/wp-content\/uploads\/2022\/05\/ICON_EN-zertifiziert.png\" alt=\"EN-Zertifiziert\" width=\"100\" height=\"100\" \/><br \/>\n<span style=\"text-align: center; font-size: 11px; font-weight: bold;\">EN<br \/>\nZERTIFIZIERT<\/span><\/div>\n<div class=\"col-xs-6 col-sm-4 col-md-3 col-lg-2\" style=\"text-align: center;\"><img loading=\"lazy\" class=\"alignnone size-medium wp-image-4962\" src=\"https:\/\/www.salinen.com\/shop\/wp-content\/uploads\/2022\/05\/ICON_biologisch-Abbaubar.png\" alt=\"Biologisch abbaubar\" width=\"100\" height=\"100\" \/><br \/>\n<span style=\"text-align: center; font-size: 11px; font-weight: bold;\">BIOLOGISCH<br \/>\nABBAUBAR<\/span><\/div>\n<\/div>\n<\/div>\n<div class=\"small-12 medium-6 columns\" style=\"margin-top: 20px;\">\n<p>Nat\u00fcrlich kraftvoll und hochkonzentriert &#8211; das <strong>SALPINA Auftau-Salz wirkt ganz ohne Chemie<\/strong> und ist selbstverst\u00e4ndlich ohne Meeresverschmutzung und Trennmittel. <strong>SALPINA Auftau-Salz<\/strong> ist reinstes Siedesalz aus den \u00f6sterreichischen Alpen. Es ist ein hochwirksames Auftau-Salz gegen Eis und Schnee auf Stra\u00dfen, Gehsteigen, Wegen, Hauseinfahrten und Parkpl\u00e4tzen. Mit einem Reinheitsgrad von \u00fcber 99,6 % wirkt es extrem schnell und sorgt somit f\u00fcr ein sicheres Gef\u00fchl beim Begehen von zuvor vereisten Stellen. <strong>SALPINA Auftau-Salz<\/strong> l\u00e4sst sich bequem und unkompliziert anwenden \u2013 mit Packungsgr\u00f6\u00dfen f\u00fcr jeden Bedarf: ob aus dem 10 kg Eimer mit beiliegender Schaufel gestreut oder zwischendurch aus einem 5 kg Sack f\u00fcr kleinere Stellen. Selbstverst\u00e4ndlich gibt es SALPINA Auftau-Salz auch im 20 kg Vorratssack.<\/p>\n<p><strong>H\u00f6chste Effektivit\u00e4t: \u00fcber 99,6 % NaCI Reinheit sichert h\u00f6chste Wirkung.<\/strong><\/p>\n<\/div>\n<\/div>\n","protected":false},"excerpt":{"rendered":"<h2>Streusalz \u2013 nat\u00fcrlich kraftvoll f\u00fcr Gehwege und Stra\u00dfen<\/h2>\n<p>&nbsp;<\/p>\n<p>SALPINA garantiert h\u00f6chstm\u00f6gliche Qualit\u00e4t aus \u00d6sterreich und sorgt f\u00fcr schnelles Auftauen von vereisten Fl\u00e4chen.<\/p>\n<ul>\n<li><strong>extrem schnelle Wirkung<\/strong><\/li>\n<li><strong>100 % biologisch abbaubar<\/strong><\/li>\n<li><strong>100 % aus \u00d6sterreichs Alpen<\/strong><\/li>\n<li><strong>nat\u00fcrlicher Rohstoff<\/strong><\/li>\n<li><strong>h\u00f6chste Effektivit\u00e4t<\/strong><\/li>\n<li><strong>h\u00f6chster Verwendungskomfort<\/strong><\/li>\n<li><strong>Verpackung mit h\u00f6chstm\u00f6glichen Recyclinganteil<\/strong><\/li>\n<\/ul>\n<p><img loading=\"lazy\" class=\"alignnone size-full wp-image-4880\" src=\"https:\/\/www.salinen.com\/shop\/wp-content\/uploads\/2022\/02\/recycling-dreieck-auftausalz-salpina.png\" alt=\"recyclebar\" width=\"47\" height=\"50\" \/><\/p>\n","protected":false},"featured_media":6617,"comment_status":"open","ping_status":"closed","template":"","meta":[],"product_cat":[29,33,197],"product_tag":[],"_links":{"self":[{"href":"https:\/\/www.salinen.com\/shop\/de\/wp-json\/wp\/v2\/product\/3172"}],"collection":[{"href":"https:\/\/www.salinen.com\/shop\/de\/wp-json\/wp\/v2\/product"}],"about":[{"href":"https:\/\/www.salinen.com\/shop\/de\/wp-json\/wp\/v2\/types\/product"}],"replies":[{"embeddable":true,"href":"https:\/\/www.salinen.com\/shop\/de\/wp-json\/wp\/v2\/comments?post=3172"}],"version-history":[{"count":13,"href":"https:\/\/www.salinen.com\/shop\/de\/wp-json\/wp\/v2\/product\/3172\/revisions"}],"predecessor-version":[{"id":14172,"href":"https:\/\/www.salinen.com\/shop\/de\/wp-json\/wp\/v2\/product\/3172\/revisions\/14172"}],"wp:featuredmedia":[{"embeddable":true,"href":"https:\/\/www.salinen.com\/shop\/de\/wp-json\/wp\/v2\/media\/6617"}],"wp:attachment":[{"href":"https:\/\/www.salinen.com\/shop\/de\/wp-json\/wp\/v2\/media?parent=3172"}],"wp:term":[{"taxonomy":"product_cat","embeddable":true,"href":"https:\/\/www.salinen.com\/shop\/de\/wp-json\/wp\/v2\/product_cat?post=3172"},{"taxonomy":"product_tag","embeddable":true,"href":"https:\/\/www.salinen.com\/shop\/de\/wp-json\/wp\/v2\/product_tag?post=3172"}],"curies":[{"name":"wp","href":"https:\/\/api.w.org\/{rel}","templated":true}]}}