{"id":3039,"date":"2021-12-21T05:35:11","date_gmt":"2021-12-21T04:35:11","guid":{"rendered":"https:\/\/www.salinen.com\/shop\/?post_type=product&#038;p=3039"},"modified":"2026-04-05T13:47:38","modified_gmt":"2026-04-05T11:47:38","slug":"salpina-salz-tabs-2x10kg","status":"publish","type":"product","link":"https:\/\/www.salinen.com\/shop\/de\/produkt\/salpina-salz-tabs-2x10kg\/","title":{"rendered":"SALPINA SALZ-TABS 2x10kg"},"content":{"rendered":"<div class=\"row thb-product-main-row\">\n<div class=\"container\">\n<div class=\"row\">\n<div class=\"col-xs-6 col-sm-4 col-md-3 col-lg-1\" style=\"text-align: center;\"><img loading=\"lazy\" class=\"alignnone size-medium wp-image-4970\" src=\"https:\/\/www.salinen.com\/shop\/wp-content\/uploads\/2022\/04\/ICON_OhneChemie_RAUTE.png\" alt=\"Ohne Chemie\" width=\"100\" height=\"100\" \/><br \/>\n<span style=\"text-align: center; font-size: 11px; font-weight: bold;\">OHNE<br \/>\nCHEMIE<\/span><\/div>\n<div class=\"col-xs-6 col-sm-4 col-md-3 col-lg-2\" style=\"text-align: center;\"><img loading=\"lazy\" class=\"alignnone size-medium wp-image-4968\" src=\"https:\/\/www.salinen.com\/shop\/wp-content\/uploads\/2022\/05\/ICON_bestes-Trinkwasser.png\" alt=\"Bestes Trinkwasser\" width=\"100\" height=\"100\" \/><br \/>\n<span style=\"text-align: center; font-size: 11px; font-weight: bold;\">BESTES<br \/>\nTRINKWASSER<\/span><\/div>\n<div class=\"col-xs-6 col-sm-4 col-md-3 col-lg-1\" style=\"text-align: center;\"><img loading=\"lazy\" class=\"alignnone size-medium wp-image-4966\" src=\"https:\/\/www.salinen.com\/shop\/wp-content\/uploads\/2022\/05\/ICON_EN-zertifiziert.png\" alt=\"EN-Zertifiziert\" width=\"100\" height=\"100\" \/><br \/>\n<span style=\"text-align: center; font-size: 11px; font-weight: bold;\">EN<br \/>\nZERTIFIZIERT<\/span><\/div>\n<div class=\"col-xs-6 col-sm-4 col-md-3 col-lg-2\" style=\"text-align: center;\"><img loading=\"lazy\" class=\"alignnone size-medium wp-image-4962\" src=\"https:\/\/www.salinen.com\/shop\/wp-content\/uploads\/2022\/05\/ICON_Rueckstandsfrei-loeslich.png\" alt=\"R\u00fcckstandsfrei l\u00f6slich\" width=\"100\" height=\"100\" \/><br \/>\n<span style=\"text-align: center; font-size: 11px; font-weight: bold;\">R\u00dcCKSTANDSFREI<br \/>\nL\u00d6SLICH<\/span><\/div>\n<\/div>\n<\/div>\n<div class=\"small-12 medium-6 columns\" style=\"margin-top: 20px;\">\n<p><strong>SALPINA Salz-Tabs<\/strong> <strong>f\u00fcr alle Wasserenth\u00e4rtungsanlagen<\/strong> kommen zu 100 % aus \u00d6sterreichs Alpen. Kraftvoll enth\u00e4rtet dieses Regeneriersalz in Tablettenform Ihr Wasser auf ganz nat\u00fcrliche Weise. Kalkarmes, weiches Wasser erh\u00f6ht nachweislich die Lebensdauer Ihrer wasserf\u00fchrenden Haushaltsger\u00e4te wie Waschmaschine, Boiler, Geschirrsp\u00fcler und Kaffeemaschine. Kalkarmes Wasser schont zudem Ihre Wasserleitungssysteme und Ihre Heizung. <strong>SALPINA Salz-Tabs<\/strong> sind hochrein, vollst\u00e4ndig l\u00f6slich und zu 100 % \u00f6kologisch abbaubar.<\/p>\n<p><strong>Eigenes Pr\u00fcflabor:<\/strong> Wir garantieren h\u00f6chste Produkt- &amp; Prozess-Sicherheit durch laufendes Qualit\u00e4tsmanagement. <strong>SALPINA Salz-Tabs entsprechen den Normen: EN 973:2009 Typ A, EN 14805:2008 Typ 1, EN 16370:2013 und der Biozid VO (EU) No 528\/2012.<\/strong><\/p>\n<p><strong>H\u00f6chste Effektivit\u00e4t: \u00fcber 99,9% NaCI Reinheit sichert h\u00f6chste Wirkung.<\/strong><\/p>\n<\/div>\n<\/div>\n","protected":false},"excerpt":{"rendered":"<h2>Regeneriersalz Salztabletten \u2013 nat\u00fcrlich kraftvoll ohne Trennmittel f\u00fcr alle Wasserenth\u00e4rtungsanlagen<\/h2>\n<p>&nbsp;<\/p>\n<p>SALPINA garantiert h\u00f6chstm\u00f6gliche Qualit\u00e4t aus \u00d6sterreich, sorgt f\u00fcr eine l\u00e4ngere Lebensdauer Ihrer wasserf\u00fchrenden Haushaltsger\u00e4te und verhindert die Verkalkung Ihrer Wasserrohrsysteme.<\/p>\n<ul>\n<li><strong>geeignet f\u00fcr alle Wasserenth\u00e4rtungsanlagen (Gr\u00fcnbeck, BWT, &#8230;)<\/strong><\/li>\n<li><b>\u00a0<\/b><strong>zur Wasserenth\u00e4rtung, f\u00fcr weiches &amp; kalkarmes Wasser<\/strong><\/li>\n<li><strong>100 % biologisch abbaubar<\/strong><\/li>\n<li><strong>100 % aus \u00d6sterreichs Alpen<\/strong><\/li>\n<li><strong>Hochrein: 99,9% NaCl<\/strong><\/li>\n<li><strong>nat\u00fcrlicher Rohstoff<\/strong><\/li>\n<li><strong>Enth\u00e4rtersalz mit h\u00f6chster Effektivit\u00e4t<\/strong><\/li>\n<li><strong>bester Verwendungskomfort<\/strong><\/li>\n<li><strong>Verpackung mit h\u00f6chstm\u00f6glichem Recyclinganteil<\/strong><\/li>\n<\/ul>\n<p><img loading=\"lazy\" class=\"alignnone size-full wp-image-4886\" src=\"https:\/\/www.salinen.com\/shop\/wp-content\/uploads\/2022\/02\/recycling-dreieck-tabs-salpina.png\" alt=\"recyclebar\" width=\"47\" height=\"50\" \/><\/p>\n<p>Bestellen Sie unsere SALPINA SALZ-TABS im Abo und<strong> profitieren Sie von 10% Preisvorteil!<\/strong><br \/>\n<a href=\"https:\/\/www.salinen.com\/shop\/de\/produkt\/salpina-abo-salz-tabs-2x10kg\/\"><strong>Hier geht\u00b4s zum ABO<\/strong><\/a><\/p>\n","protected":false},"featured_media":6654,"comment_status":"open","ping_status":"closed","template":"","meta":[],"product_cat":[29,35],"product_tag":[],"_links":{"self":[{"href":"https:\/\/www.salinen.com\/shop\/de\/wp-json\/wp\/v2\/product\/3039"}],"collection":[{"href":"https:\/\/www.salinen.com\/shop\/de\/wp-json\/wp\/v2\/product"}],"about":[{"href":"https:\/\/www.salinen.com\/shop\/de\/wp-json\/wp\/v2\/types\/product"}],"replies":[{"embeddable":true,"href":"https:\/\/www.salinen.com\/shop\/de\/wp-json\/wp\/v2\/comments?post=3039"}],"version-history":[{"count":19,"href":"https:\/\/www.salinen.com\/shop\/de\/wp-json\/wp\/v2\/product\/3039\/revisions"}],"predecessor-version":[{"id":9662,"href":"https:\/\/www.salinen.com\/shop\/de\/wp-json\/wp\/v2\/product\/3039\/revisions\/9662"}],"wp:featuredmedia":[{"embeddable":true,"href":"https:\/\/www.salinen.com\/shop\/de\/wp-json\/wp\/v2\/media\/6654"}],"wp:attachment":[{"href":"https:\/\/www.salinen.com\/shop\/de\/wp-json\/wp\/v2\/media?parent=3039"}],"wp:term":[{"taxonomy":"product_cat","embeddable":true,"href":"https:\/\/www.salinen.com\/shop\/de\/wp-json\/wp\/v2\/product_cat?post=3039"},{"taxonomy":"product_tag","embeddable":true,"href":"https:\/\/www.salinen.com\/shop\/de\/wp-json\/wp\/v2\/product_tag?post=3039"}],"curies":[{"name":"wp","href":"https:\/\/api.w.org\/{rel}","templated":true}]}}