{"id":17951,"date":"2024-03-27T09:21:59","date_gmt":"2024-03-27T08:21:59","guid":{"rendered":"https:\/\/www.salinen.com\/shop\/?post_type=product&#038;p=17951"},"modified":"2026-04-05T08:27:33","modified_gmt":"2026-04-05T06:27:33","slug":"easy-spices-gemuese-allerlei-65g","status":"publish","type":"product","link":"https:\/\/www.salinen.com\/shop\/de\/produkt\/easy-spices-gemuese-allerlei-65g\/","title":{"rendered":"Easy Spices Gem\u00fcse Allerlei 65g"},"content":{"rendered":"<p><strong>EASY SPICES Gem\u00fcse Allerlei<\/strong> l\u00e4sst Aufl\u00e4ufe, Ofengem\u00fcse,\u00a0Rohkost &amp; Co zur Hochform auflaufen. Da ist schon alles drin,\u00a0was deinen Lieblings-Veggies noch einen Kick gibt: die richtige\u00a0Gew\u00fcrz-Mischung und feines BAD ISCHLER Salz.<\/p>\n<p><strong>Zutaten: <\/strong>65 % Gewu\u0308rze (Zwiebel, Paprika, Tomate, Knoblauch, Pastinake, Thymian, Pfeffer, Koriander, Oregano, Chili), Speisesalz unjodiert<\/p>\n<p>&nbsp;<\/p>\n","protected":false},"excerpt":{"rendered":"<h2>Gew\u00fcrzmischung f\u00fcr Gem\u00fcsegerichte<\/h2>\n<p><strong>L\u00e4sst Aufl\u00e4ufe, Ofengem\u00fcse, Rohkost &amp; Co zur Hochform auflaufen.<\/strong><\/p>\n<p>Die richtige Gew\u00fcrz-Mischung und bestes BAD ISCHLER Salz.<\/p>\n<ul>\n<li><strong>W\u00fcrzen und Salzen in einem<\/strong><\/li>\n<li><strong>Mit feinem BAD ISCHLER Salz<\/strong><\/li>\n<li><strong>Farbleitsystem: Eine Farbe je Kochrichtung<\/strong><\/li>\n<li><strong>Nat\u00fcrlich ohne k\u00fcnstliche Zusatzstoffe<\/strong><\/li>\n<li><strong>Sorgf\u00e4ltig per Hand abgef\u00fcllt<\/strong><\/li>\n<\/ul>\n<p>&nbsp;<\/p>\n","protected":false},"featured_media":17954,"comment_status":"open","ping_status":"closed","template":"","meta":[],"product_cat":[251,256,24],"product_tag":[],"_links":{"self":[{"href":"https:\/\/www.salinen.com\/shop\/de\/wp-json\/wp\/v2\/product\/17951"}],"collection":[{"href":"https:\/\/www.salinen.com\/shop\/de\/wp-json\/wp\/v2\/product"}],"about":[{"href":"https:\/\/www.salinen.com\/shop\/de\/wp-json\/wp\/v2\/types\/product"}],"replies":[{"embeddable":true,"href":"https:\/\/www.salinen.com\/shop\/de\/wp-json\/wp\/v2\/comments?post=17951"}],"version-history":[{"count":4,"href":"https:\/\/www.salinen.com\/shop\/de\/wp-json\/wp\/v2\/product\/17951\/revisions"}],"predecessor-version":[{"id":21937,"href":"https:\/\/www.salinen.com\/shop\/de\/wp-json\/wp\/v2\/product\/17951\/revisions\/21937"}],"wp:featuredmedia":[{"embeddable":true,"href":"https:\/\/www.salinen.com\/shop\/de\/wp-json\/wp\/v2\/media\/17954"}],"wp:attachment":[{"href":"https:\/\/www.salinen.com\/shop\/de\/wp-json\/wp\/v2\/media?parent=17951"}],"wp:term":[{"taxonomy":"product_cat","embeddable":true,"href":"https:\/\/www.salinen.com\/shop\/de\/wp-json\/wp\/v2\/product_cat?post=17951"},{"taxonomy":"product_tag","embeddable":true,"href":"https:\/\/www.salinen.com\/shop\/de\/wp-json\/wp\/v2\/product_tag?post=17951"}],"curies":[{"name":"wp","href":"https:\/\/api.w.org\/{rel}","templated":true}]}}