{"id":17940,"date":"2024-03-27T09:08:30","date_gmt":"2024-03-27T08:08:30","guid":{"rendered":"https:\/\/www.salinen.com\/shop\/?post_type=product&#038;p=17940"},"modified":"2026-04-02T15:37:30","modified_gmt":"2026-04-02T13:37:30","slug":"easy-spices-ei-avocado-70g","status":"publish","type":"product","link":"https:\/\/www.salinen.com\/shop\/de\/produkt\/easy-spices-ei-avocado-70g\/","title":{"rendered":"Easy Spices Ei &#038; Avocado 70g"},"content":{"rendered":"<p><strong>EASY SPICES Ei+Avocado<\/strong> toppt Eierspeisen, Omeletts\u00a0und Avocados und holt geschmacklich das Beste heraus.<\/p>\n<p>Da ist schon alles drin f\u00fcr dein Fr\u00fchst\u00fccks-Highlight:\u00a0die richtige Gew\u00fcrz-Mischung und BAD ISCHLER Salzflocken f\u00fcr den Crunch.<\/p>\n<p><strong>Zutaten: <\/strong>70 % Gewu\u0308rze (schwarzer Sesam, Knoblauch, Zwiebel, Pfeffer, Lauch, Rosa Beeren, Paprika, Chili, Zitronenschale), Speisesalz unjodiert<\/p>\n<p>&nbsp;<\/p>\n","protected":false},"excerpt":{"rendered":"<h2>Topping f\u00fcr Ei &amp; Avocado<\/h2>\n<p><strong>Toppt Eierspeisen, Omeletts und Avocados und holt geschmacklich das Beste heraus.<\/strong><\/p>\n<p>Die richtige Gew\u00fcrz-Mischung und bestes BAD ISCHLER Salz.<\/p>\n<ul>\n<li><strong>W\u00fcrzen und Salzen in einem<\/strong><\/li>\n<li><strong>Mit handgesch\u00f6pften BAD ISCHLER Salzflocken<\/strong><\/li>\n<li><strong>Farbleitsystem: Eine Farbe je Kochrichtung<\/strong><\/li>\n<li><strong>Nat\u00fcrlich ohne k\u00fcnstliche Zusatzstoffe<\/strong><\/li>\n<li><strong>Sorgf\u00e4ltig per Hand abgef\u00fcllt<\/strong><\/li>\n<\/ul>\n<p>&nbsp;<\/p>\n","protected":false},"featured_media":17943,"comment_status":"open","ping_status":"closed","template":"","meta":[],"product_cat":[251,256,24],"product_tag":[],"_links":{"self":[{"href":"https:\/\/www.salinen.com\/shop\/de\/wp-json\/wp\/v2\/product\/17940"}],"collection":[{"href":"https:\/\/www.salinen.com\/shop\/de\/wp-json\/wp\/v2\/product"}],"about":[{"href":"https:\/\/www.salinen.com\/shop\/de\/wp-json\/wp\/v2\/types\/product"}],"replies":[{"embeddable":true,"href":"https:\/\/www.salinen.com\/shop\/de\/wp-json\/wp\/v2\/comments?post=17940"}],"version-history":[{"count":5,"href":"https:\/\/www.salinen.com\/shop\/de\/wp-json\/wp\/v2\/product\/17940\/revisions"}],"predecessor-version":[{"id":21938,"href":"https:\/\/www.salinen.com\/shop\/de\/wp-json\/wp\/v2\/product\/17940\/revisions\/21938"}],"wp:featuredmedia":[{"embeddable":true,"href":"https:\/\/www.salinen.com\/shop\/de\/wp-json\/wp\/v2\/media\/17943"}],"wp:attachment":[{"href":"https:\/\/www.salinen.com\/shop\/de\/wp-json\/wp\/v2\/media?parent=17940"}],"wp:term":[{"taxonomy":"product_cat","embeddable":true,"href":"https:\/\/www.salinen.com\/shop\/de\/wp-json\/wp\/v2\/product_cat?post=17940"},{"taxonomy":"product_tag","embeddable":true,"href":"https:\/\/www.salinen.com\/shop\/de\/wp-json\/wp\/v2\/product_tag?post=17940"}],"curies":[{"name":"wp","href":"https:\/\/api.w.org\/{rel}","templated":true}]}}