{"id":17916,"date":"2024-03-26T15:21:36","date_gmt":"2024-03-26T14:21:36","guid":{"rendered":"https:\/\/www.salinen.com\/shop\/?post_type=product&#038;p=17916"},"modified":"2026-04-08T06:21:59","modified_gmt":"2026-04-08T04:21:59","slug":"easy-spices-salat-rohkost-60g","status":"publish","type":"product","link":"https:\/\/www.salinen.com\/shop\/de\/produkt\/easy-spices-salat-rohkost-60g\/","title":{"rendered":"Easy Spices Salat &#038; Rohkost 60g"},"content":{"rendered":"<p><strong>EASY SPICES Salat+Rohkost<\/strong> l\u00e4sst Salate, Gem\u00fcse-Sticks,\u00a0Bowls und Aufstriche ganz sch\u00f6n knackig schmecken.\u00a0Da ist schon alles drin, was deine Salatherz begehrt.<\/p>\n<p>Die richtige\u00a0Gew\u00fcrz-Mischung und feines BAD ISCHLER Salz.<\/p>\n<p><strong>Zutaten: <\/strong>50 % Gewu\u0308rze (Basilikum, Tomate, Zwiebel, Knoblauch, Paprika, Lauch, Oregano, Thymian), Speisesalz unjodiert<\/p>\n<p>&nbsp;<\/p>\n","protected":false},"excerpt":{"rendered":"<h2>Gew\u00fcrzmischung f\u00fcr Salate &amp; Rohkost<\/h2>\n<p><strong>L\u00e4sst Salate, Gem\u00fcse-Sticks, Bowls und Aufstriche ganz sch\u00f6n knackig schmecken.<\/strong><\/p>\n<p>Die richtige Gew\u00fcrz-Mischung und bestes BAD ISCHLER Salz.<\/p>\n<ul>\n<li><strong>W\u00fcrzen und Salzen in einem<\/strong><\/li>\n<li><strong>Mit feinem BAD ISCHLER Salz<\/strong><\/li>\n<li><strong>Farbleitsystem: Eine Farbe je Kochrichtung<\/strong><\/li>\n<li><strong>Nat\u00fcrlich ohne k\u00fcnstliche Zusatzstoffe<\/strong><\/li>\n<li><strong>Sorgf\u00e4ltig per Hand abgef\u00fcllt<\/strong><\/li>\n<\/ul>\n<p>&nbsp;<\/p>\n","protected":false},"featured_media":17919,"comment_status":"open","ping_status":"closed","template":"","meta":[],"product_cat":[251,256,24],"product_tag":[],"_links":{"self":[{"href":"https:\/\/www.salinen.com\/shop\/de\/wp-json\/wp\/v2\/product\/17916"}],"collection":[{"href":"https:\/\/www.salinen.com\/shop\/de\/wp-json\/wp\/v2\/product"}],"about":[{"href":"https:\/\/www.salinen.com\/shop\/de\/wp-json\/wp\/v2\/types\/product"}],"replies":[{"embeddable":true,"href":"https:\/\/www.salinen.com\/shop\/de\/wp-json\/wp\/v2\/comments?post=17916"}],"version-history":[{"count":5,"href":"https:\/\/www.salinen.com\/shop\/de\/wp-json\/wp\/v2\/product\/17916\/revisions"}],"predecessor-version":[{"id":21939,"href":"https:\/\/www.salinen.com\/shop\/de\/wp-json\/wp\/v2\/product\/17916\/revisions\/21939"}],"wp:featuredmedia":[{"embeddable":true,"href":"https:\/\/www.salinen.com\/shop\/de\/wp-json\/wp\/v2\/media\/17919"}],"wp:attachment":[{"href":"https:\/\/www.salinen.com\/shop\/de\/wp-json\/wp\/v2\/media?parent=17916"}],"wp:term":[{"taxonomy":"product_cat","embeddable":true,"href":"https:\/\/www.salinen.com\/shop\/de\/wp-json\/wp\/v2\/product_cat?post=17916"},{"taxonomy":"product_tag","embeddable":true,"href":"https:\/\/www.salinen.com\/shop\/de\/wp-json\/wp\/v2\/product_tag?post=17916"}],"curies":[{"name":"wp","href":"https:\/\/api.w.org\/{rel}","templated":true}]}}