{"id":17903,"date":"2024-03-26T15:04:49","date_gmt":"2024-03-26T14:04:49","guid":{"rendered":"https:\/\/www.salinen.com\/shop\/?post_type=product&#038;p=17903"},"modified":"2026-04-08T06:22:00","modified_gmt":"2026-04-08T04:22:00","slug":"easy-spices-kartoffel-kuerbis-65g","status":"publish","type":"product","link":"https:\/\/www.salinen.com\/shop\/de\/produkt\/easy-spices-kartoffel-kuerbis-65g\/","title":{"rendered":"Easy Spices Kartoffel &#038; K\u00fcrbis 65g"},"content":{"rendered":"<p><strong>EASY SPICES Kartoffel+K\u00fcrbis<\/strong> macht aus Bratkartoffeln,\u00a0Ofenku\u0308rbis &amp; Gemu\u0308se einen simplen Genuss. Weil schon\u00a0alles drin ist, was sie einfach noch besser macht.<\/p>\n<p>Die richtige Gew\u00fcrz-Mischung und feines BAD ISCHLER Salz.<\/p>\n<p><strong>Zutaten: <\/strong>Speisesalz unjodiert, Gew\u00fcrze (Paprika, Rosmarin, Petersilie, Knoblauch, Lauch)<\/p>\n<p>&nbsp;<\/p>\n","protected":false},"excerpt":{"rendered":"<h2>Gew\u00fcrzmischung f\u00fcr Kartoffel- &amp; K\u00fcrbisgerichte<\/h2>\n<p><strong>Macht aus Bratkartoffeln, Ofenk\u00fcrbis &amp; Gem\u00fcse einen simplen Genuss.<\/strong><\/p>\n<p>Die richtige Gew\u00fcrz-Mischung und bestes BAD ISCHLER Salz.<\/p>\n<ul>\n<li><strong>W\u00fcrzen und Salzen in einem<\/strong><\/li>\n<li><strong>Mit feinem BAD ISCHLER Salz<\/strong><\/li>\n<li><strong>Farbleitsystem: Eine Farbe je Kochrichtung<\/strong><\/li>\n<li><strong>Nat\u00fcrlich ohne k\u00fcnstliche Zusatzstoffe<\/strong><\/li>\n<li><strong>Sorgf\u00e4ltig per Hand abgef\u00fcllt<\/strong><\/li>\n<\/ul>\n<p>&nbsp;<\/p>\n","protected":false},"featured_media":17906,"comment_status":"open","ping_status":"closed","template":"","meta":[],"product_cat":[251,256,24],"product_tag":[],"_links":{"self":[{"href":"https:\/\/www.salinen.com\/shop\/de\/wp-json\/wp\/v2\/product\/17903"}],"collection":[{"href":"https:\/\/www.salinen.com\/shop\/de\/wp-json\/wp\/v2\/product"}],"about":[{"href":"https:\/\/www.salinen.com\/shop\/de\/wp-json\/wp\/v2\/types\/product"}],"replies":[{"embeddable":true,"href":"https:\/\/www.salinen.com\/shop\/de\/wp-json\/wp\/v2\/comments?post=17903"}],"version-history":[{"count":7,"href":"https:\/\/www.salinen.com\/shop\/de\/wp-json\/wp\/v2\/product\/17903\/revisions"}],"predecessor-version":[{"id":21940,"href":"https:\/\/www.salinen.com\/shop\/de\/wp-json\/wp\/v2\/product\/17903\/revisions\/21940"}],"wp:featuredmedia":[{"embeddable":true,"href":"https:\/\/www.salinen.com\/shop\/de\/wp-json\/wp\/v2\/media\/17906"}],"wp:attachment":[{"href":"https:\/\/www.salinen.com\/shop\/de\/wp-json\/wp\/v2\/media?parent=17903"}],"wp:term":[{"taxonomy":"product_cat","embeddable":true,"href":"https:\/\/www.salinen.com\/shop\/de\/wp-json\/wp\/v2\/product_cat?post=17903"},{"taxonomy":"product_tag","embeddable":true,"href":"https:\/\/www.salinen.com\/shop\/de\/wp-json\/wp\/v2\/product_tag?post=17903"}],"curies":[{"name":"wp","href":"https:\/\/api.w.org\/{rel}","templated":true}]}}