{"id":11921,"date":"2023-03-23T10:55:12","date_gmt":"2023-03-23T09:55:12","guid":{"rendered":"https:\/\/www.salinen.com\/shop\/?post_type=product&#038;p=11921"},"modified":"2026-04-19T14:45:39","modified_gmt":"2026-04-19T12:45:39","slug":"bad-ischler-nudelsalz-unjodiert","status":"publish","type":"product","link":"https:\/\/www.salinen.com\/shop\/de\/produkt\/bad-ischler-nudelsalz-unjodiert\/","title":{"rendered":"BAD ISCHLER Nudelsalz unjodiert"},"content":{"rendered":"<p>Unser <strong>BAD ISCHLER Nudelsalz <\/strong>eignet sich f\u00fcr die schnelle und unkomplizierte K\u00fcche.<br \/>\nEin Salzdrop in den Topf und fertig: In jedem BAD ISCHLER Nudelsalz Salzdrop ist genau die richtige Menge Salz f\u00fcr 1,5 Liter Nudelwasser und 300 Gramm Nudeln.<\/p>\n<p><span style=\"color: #4f4f4f;\">BAD ISCHLER Nudelsalz besteht aus reinstem \u00f6sterreichischen Siedesalz, das sorgsam in \u00d6sterreich abgebaut und schonend verarbeitet wird. Es ist reinstes, gepresstes Salz ohne weitere Zus\u00e4tze.<\/span><\/p>\n","protected":false},"excerpt":{"rendered":"<p>&nbsp;<\/p>\n<h2><strong>Einfache Dosierung f\u00fcr perfekt gesalzenes Nudelwasser<\/strong><\/h2>\n<p>&nbsp;<\/p>\n<ul>\n<li><strong>bestens geeignet zum Salzen des Kochwassers f\u00fcr Nudeln, Kartoffeln, Kn\u00f6del, usw.<\/strong><\/li>\n<li><strong>20 Stk. unjodiertes Salz in Tablettenform zu je 14 Gramm Salz<\/strong><\/li>\n<li><strong>im handlichen &amp; wiederverwendbaren Glas<\/strong><\/li>\n<li><strong>Salz vom Berg besch\u00fctzt und bewahrt<\/strong><\/li>\n<li><strong>schonend gef\u00f6rdert und sorgsam verarbeitet in \u00d6sterreich<\/strong><\/li>\n<\/ul>\n<p>&nbsp;<\/p>\n","protected":false},"featured_media":11948,"comment_status":"open","ping_status":"closed","template":"","meta":[],"product_cat":[24,27],"product_tag":[],"_links":{"self":[{"href":"https:\/\/www.salinen.com\/shop\/de\/wp-json\/wp\/v2\/product\/11921"}],"collection":[{"href":"https:\/\/www.salinen.com\/shop\/de\/wp-json\/wp\/v2\/product"}],"about":[{"href":"https:\/\/www.salinen.com\/shop\/de\/wp-json\/wp\/v2\/types\/product"}],"replies":[{"embeddable":true,"href":"https:\/\/www.salinen.com\/shop\/de\/wp-json\/wp\/v2\/comments?post=11921"}],"version-history":[{"count":13,"href":"https:\/\/www.salinen.com\/shop\/de\/wp-json\/wp\/v2\/product\/11921\/revisions"}],"predecessor-version":[{"id":16185,"href":"https:\/\/www.salinen.com\/shop\/de\/wp-json\/wp\/v2\/product\/11921\/revisions\/16185"}],"wp:featuredmedia":[{"embeddable":true,"href":"https:\/\/www.salinen.com\/shop\/de\/wp-json\/wp\/v2\/media\/11948"}],"wp:attachment":[{"href":"https:\/\/www.salinen.com\/shop\/de\/wp-json\/wp\/v2\/media?parent=11921"}],"wp:term":[{"taxonomy":"product_cat","embeddable":true,"href":"https:\/\/www.salinen.com\/shop\/de\/wp-json\/wp\/v2\/product_cat?post=11921"},{"taxonomy":"product_tag","embeddable":true,"href":"https:\/\/www.salinen.com\/shop\/de\/wp-json\/wp\/v2\/product_tag?post=11921"}],"curies":[{"name":"wp","href":"https:\/\/api.w.org\/{rel}","templated":true}]}}