{"id":1109,"date":"2021-11-16T13:14:16","date_gmt":"2021-11-16T12:14:16","guid":{"rendered":"https:\/\/www.salinen.com\/woo\/produkt\/bad-ischler-dirndl-salz-200g\/"},"modified":"2026-04-09T12:24:28","modified_gmt":"2026-04-09T10:24:28","slug":"bad-ischler-dirndl-salz-200g","status":"publish","type":"product","link":"https:\/\/www.salinen.com\/shop\/de\/produkt\/bad-ischler-dirndl-salz-200g\/","title":{"rendered":"BAD ISCHLER Dirndl Salz 200g"},"content":{"rendered":"<p>Unser <strong>feink\u00f6rniges und jodiertes BAD ISCHLER Kristallsalz in der 200g Salzkammergut Dirndl Trachten Edition<\/strong> ist das ideale Salz f\u00fcr jede K\u00fcche. Es eignet sich hervorragend zum feinen W\u00fcrzen und l\u00e4sst sich Dank des handlichen Streuers praktisch und unkompliziert dosieren.<\/p>\n<p>Unser Siedesalz stammt zu 100 % aus \u00d6sterreich und wird auch hier produziert.<\/p>\n<p><strong class=\"blueheadline\">SALZWEISHEITEN<\/strong><br \/>\nDas Jod in unserem Tafelsalz ist wichtig f\u00fcr den menschlichen Organismus, um Schilddr\u00fcsenhormone zu bilden. Diese Hormone sind wiederum wichtig f\u00fcr den Stoffwechsel. Die <strong>Deutsche Gesellschaft f\u00fcr Ern\u00e4hrung<\/strong> empfiehlt jodiertes Speisesalz zu verwenden und damit einer mangelhaften Versorgung mit Jod vorzubeugen.<\/p>\n<p><strong class=\"blueheadline\">KOCHREZEPT TIPP<\/strong><br \/>\nLust auf Gem\u00fcse \u2013 herbstliches Ofen Ratatouille mit Salzzitronen.<br \/>\n<strong><a href=\"https:\/\/www.badischler.at\/rezepte\/detail\/herbstliches-ofen-ratatouille-mit-salzzitronen\" target=\"_blank\" rel=\"noopener\">Hier geht\u00b4s zum Rezept!<\/a><\/strong><\/p>\n","protected":false},"excerpt":{"rendered":"<h2>Kristallsalz Dirndl Trachten Edition, fein &amp; jodiert<\/h2>\n<p>&nbsp;<\/p>\n<p>Das jodierte Speisesalz ist bestes Siedesalz und stammt zu 100 % aus \u00d6sterreichs Alpen.<\/p>\n<ul>\n<li><strong>feink\u00f6rnig &amp; jodiert<\/strong><\/li>\n<li><strong>im handlichen &amp; praktischen 200g Streuer erh\u00e4ltlich<\/strong><\/li>\n<li><strong>bestens geeignet zum Kochen &amp; Verfeinern.<\/strong><\/li>\n<li><strong>Rohstoff frei von Verschmutzungen<\/strong><\/li>\n<li><strong>vom Berg besch\u00fctzt und bewahrt<\/strong><\/li>\n<li><strong>schonend gef\u00f6rdert und sorgsam verarbeitet in \u00d6sterreich<\/strong><\/li>\n<\/ul>\n","protected":false},"featured_media":6297,"comment_status":"open","ping_status":"closed","template":"","meta":[],"product_cat":[24,27],"product_tag":[],"_links":{"self":[{"href":"https:\/\/www.salinen.com\/shop\/de\/wp-json\/wp\/v2\/product\/1109"}],"collection":[{"href":"https:\/\/www.salinen.com\/shop\/de\/wp-json\/wp\/v2\/product"}],"about":[{"href":"https:\/\/www.salinen.com\/shop\/de\/wp-json\/wp\/v2\/types\/product"}],"replies":[{"embeddable":true,"href":"https:\/\/www.salinen.com\/shop\/de\/wp-json\/wp\/v2\/comments?post=1109"}],"version-history":[{"count":8,"href":"https:\/\/www.salinen.com\/shop\/de\/wp-json\/wp\/v2\/product\/1109\/revisions"}],"predecessor-version":[{"id":14179,"href":"https:\/\/www.salinen.com\/shop\/de\/wp-json\/wp\/v2\/product\/1109\/revisions\/14179"}],"wp:featuredmedia":[{"embeddable":true,"href":"https:\/\/www.salinen.com\/shop\/de\/wp-json\/wp\/v2\/media\/6297"}],"wp:attachment":[{"href":"https:\/\/www.salinen.com\/shop\/de\/wp-json\/wp\/v2\/media?parent=1109"}],"wp:term":[{"taxonomy":"product_cat","embeddable":true,"href":"https:\/\/www.salinen.com\/shop\/de\/wp-json\/wp\/v2\/product_cat?post=1109"},{"taxonomy":"product_tag","embeddable":true,"href":"https:\/\/www.salinen.com\/shop\/de\/wp-json\/wp\/v2\/product_tag?post=1109"}],"curies":[{"name":"wp","href":"https:\/\/api.w.org\/{rel}","templated":true}]}}