{"id":1105,"date":"2021-11-16T13:14:15","date_gmt":"2021-11-16T12:14:15","guid":{"rendered":"https:\/\/www.salinen.com\/woo\/produkt\/bad-ischler-natursalz-provetten-sortiment-102g\/"},"modified":"2026-04-14T16:46:25","modified_gmt":"2026-04-14T14:46:25","slug":"bad-ischler-natursalz-geschenkbox","status":"publish","type":"product","link":"https:\/\/www.salinen.com\/shop\/de\/produkt\/bad-ischler-natursalz-geschenkbox\/","title":{"rendered":"BAD ISCHLER Natursalz Geschenkbox"},"content":{"rendered":"<p>Unsere <strong>BAD ISCHLER Natursalz Provettenbox<\/strong> ist die ideale Probierpackung und Geschenkbox. Darin enthalten sind <strong>vier verschiedene BIO Natursalz Gew\u00fcrzmischungen<\/strong> (Blumen &amp; Beete, Kr\u00e4uter &amp; Meer, Gem\u00fcse &amp; Garten, Knolle &amp; Kraut) sowie das pure Natursalz in grober &amp; feiner K\u00f6rnung. Die Zutaten aller Natursalz-Mischungen stammen aus kontrolliert biologischem Anbau und verfeinern Ihre Gerichte auf unterf\u00e4lschliche Art und Weise.<\/p>\n<p>In den Tiefen der \u00f6sterreichischen Alpen, gut abgeschirmt von jeglichen Umwelteinfl\u00fcssen, ist die urspr\u00fcngliche Zusammensetzung des Natursalzes erhalten geblieben.<br \/>\nDas BAD ISCHLER Natursalz wird h\u00e4ndisch abgebaut und verlesen. Es ist reines, naturbelassenes Steinsalz mit einem besonders runden und milden Geschmack.<\/p>\n","protected":false},"excerpt":{"rendered":"<h2>Die beliebte Natursalz Geschenkbox<\/h2>\n<p>&nbsp;<\/p>\n<p>Steinsalz in seiner nat\u00fcrlichen und urspr\u00fcnglichen Form mit hochwertigen Zutaten.<\/p>\n<ul>\n<li><strong>unbehandeltes, feink\u00f6rniges &amp; unjodiertes Natursalz<\/strong><\/li>\n<li><strong>in sch\u00f6nen Provettengl\u00e4sern zum Verschenken<\/strong><\/li>\n<li><strong>abgebaut nach alter Bergmannstradition<\/strong><\/li>\n<li><strong>bestens geeignet zum Verfeinern &amp; W\u00fcrzen Ihrer Gerichte<\/strong><\/li>\n<li><strong>vom Berg besch\u00fctzt und bewahrt<\/strong><\/li>\n<li><strong>h\u00e4ndisch gef\u00f6rdert &amp; verlesen<\/strong><\/li>\n<li><strong>schonend abgebaut und sorgsam verarbeitet in \u00d6sterreich<\/strong><\/li>\n<\/ul>\n","protected":false},"featured_media":6592,"comment_status":"open","ping_status":"closed","template":"","meta":[],"product_cat":[24,26,236],"product_tag":[],"_links":{"self":[{"href":"https:\/\/www.salinen.com\/shop\/de\/wp-json\/wp\/v2\/product\/1105"}],"collection":[{"href":"https:\/\/www.salinen.com\/shop\/de\/wp-json\/wp\/v2\/product"}],"about":[{"href":"https:\/\/www.salinen.com\/shop\/de\/wp-json\/wp\/v2\/types\/product"}],"replies":[{"embeddable":true,"href":"https:\/\/www.salinen.com\/shop\/de\/wp-json\/wp\/v2\/comments?post=1105"}],"version-history":[{"count":7,"href":"https:\/\/www.salinen.com\/shop\/de\/wp-json\/wp\/v2\/product\/1105\/revisions"}],"predecessor-version":[{"id":14005,"href":"https:\/\/www.salinen.com\/shop\/de\/wp-json\/wp\/v2\/product\/1105\/revisions\/14005"}],"wp:featuredmedia":[{"embeddable":true,"href":"https:\/\/www.salinen.com\/shop\/de\/wp-json\/wp\/v2\/media\/6592"}],"wp:attachment":[{"href":"https:\/\/www.salinen.com\/shop\/de\/wp-json\/wp\/v2\/media?parent=1105"}],"wp:term":[{"taxonomy":"product_cat","embeddable":true,"href":"https:\/\/www.salinen.com\/shop\/de\/wp-json\/wp\/v2\/product_cat?post=1105"},{"taxonomy":"product_tag","embeddable":true,"href":"https:\/\/www.salinen.com\/shop\/de\/wp-json\/wp\/v2\/product_tag?post=1105"}],"curies":[{"name":"wp","href":"https:\/\/api.w.org\/{rel}","templated":true}]}}