{"id":1104,"date":"2021-11-16T13:14:15","date_gmt":"2021-11-16T12:14:15","guid":{"rendered":"https:\/\/www.salinen.com\/woo\/produkt\/bad-ischler-natursalz-kraeuter-und-meer-40x16g\/"},"modified":"2026-03-03T14:46:23","modified_gmt":"2026-03-03T13:46:23","slug":"bad-ischler-natursalz-kraeuter-und-16g","status":"publish","type":"product","link":"https:\/\/www.salinen.com\/shop\/de\/produkt\/bad-ischler-natursalz-kraeuter-und-16g\/","title":{"rendered":"BAD ISCHLER Natursalz Kr\u00e4uter &amp; Meer 16g"},"content":{"rendered":"<p>In <strong>BAD ISCHLER Natursalz Kr\u00e4uter &amp; Meer\u00a0<\/strong>treffen mediterrane\u00a0Kr\u00e4uter\u00a0und Bl\u00fcten aus kontrolliert biologischem Anbau auf Nori-Alge.<\/p>\n<p><strong>BAD ISCHLER Natursalz Kr\u00e4uter &amp; Meer<\/strong>\u00a0eignet sich besonders gut f\u00fcr Suppen, Saucen, Gem\u00fcsegerichte, f\u00fcr helles Fleisch und ganz besonders f\u00fcr Fisch.<\/p>\n<p><strong>Ingredienzen:<\/strong> Natursalz, Oregano*, Zwiebel*, Rosmarin*, Pfeffer*, Petersilie*, Thymian*, Chili*, Koriander*, Fenchel*, 1,5% Norialge<\/p>\n<p class=\"text-sm\">*Rohstoff(e) aus kontrolliert biologischem Anbau gem\u00e4\u00df EG-\u00d6ko-Verordnung.<\/p>\n<div>\n<p>In den Tiefen der \u00f6sterreichischen Alpen, gut abgeschirmt von jeglichen Umwelteinfl\u00fcssen, ist die urspr\u00fcngliche Zusammensetzung des Natursalzes erhalten geblieben.<br \/>\nDas BAD ISCHLER Natursalz wird h\u00e4ndisch abgebaut und verlesen. Es ist reines, naturbelassenes Steinsalz in seiner urspr\u00fcnglichen Form mit einem besonders runden und milden Geschmack.<\/p>\n<\/div>\n","protected":false},"excerpt":{"rendered":"<h2>Rote Mediterrane Kr\u00e4uter aus kontrolliert biologischem Anbau mit Natursalz und Nori-Alge<\/h2>\n<p>&nbsp;<\/p>\n<p>Steinsalz in seiner nat\u00fcrlichen und urspr\u00fcnglichen Form mit hochwertigen Zutaten.<\/p>\n<ul>\n<li><strong>unbehandeltes, feink\u00f6rniges &amp; unjodiertes Natursalz<\/strong><\/li>\n<li><strong>in sch\u00f6nen Provettengl\u00e4sern zum Verschenken<\/strong><\/li>\n<li><strong>abgebaut nach alter Bergmannstradition<\/strong><\/li>\n<li><strong>bestens geeignet zum Verfeinern &amp; W\u00fcrzen Ihrer Gerichte<\/strong><\/li>\n<li><strong>vom Berg besch\u00fctzt und bewahrt<\/strong><\/li>\n<li><strong>h\u00e4ndisch gef\u00f6rdert &amp; verlesen<\/strong><\/li>\n<li><strong>schonend abgebaut und sorgsam verarbeitet in \u00d6sterreich<\/strong><\/li>\n<\/ul>\n<p><img loading=\"lazy\" class=\"alignnone size-full wp-image-1991\" src=\"https:\/\/www.salinen.com\/shop\/wp-content\/uploads\/2021\/11\/austria-bio-garantie-1.png\" alt=\"\" width=\"80\" height=\"72\" \/><img loading=\"lazy\" class=\"alignnone size-full wp-image-1430\" src=\"https:\/\/www.salinen.com\/shop\/wp-content\/uploads\/2021\/11\/biologo-onlineshop-saag-2021.jpg\" alt=\"\" width=\"120\" height=\"80\" srcset=\"https:\/\/www.salinen.com\/shop\/wp-content\/uploads\/2021\/11\/biologo-onlineshop-saag-2021.jpg 120w, https:\/\/www.salinen.com\/shop\/wp-content\/uploads\/2021\/11\/biologo-onlineshop-saag-2021-20x12.jpg 20w\" sizes=\"(max-width: 120px) 100vw, 120px\" \/><\/p>\n","protected":false},"featured_media":6466,"comment_status":"open","ping_status":"closed","template":"","meta":[],"product_cat":[24,26],"product_tag":[],"_links":{"self":[{"href":"https:\/\/www.salinen.com\/shop\/de\/wp-json\/wp\/v2\/product\/1104"}],"collection":[{"href":"https:\/\/www.salinen.com\/shop\/de\/wp-json\/wp\/v2\/product"}],"about":[{"href":"https:\/\/www.salinen.com\/shop\/de\/wp-json\/wp\/v2\/types\/product"}],"replies":[{"embeddable":true,"href":"https:\/\/www.salinen.com\/shop\/de\/wp-json\/wp\/v2\/comments?post=1104"}],"version-history":[{"count":10,"href":"https:\/\/www.salinen.com\/shop\/de\/wp-json\/wp\/v2\/product\/1104\/revisions"}],"predecessor-version":[{"id":23608,"href":"https:\/\/www.salinen.com\/shop\/de\/wp-json\/wp\/v2\/product\/1104\/revisions\/23608"}],"wp:featuredmedia":[{"embeddable":true,"href":"https:\/\/www.salinen.com\/shop\/de\/wp-json\/wp\/v2\/media\/6466"}],"wp:attachment":[{"href":"https:\/\/www.salinen.com\/shop\/de\/wp-json\/wp\/v2\/media?parent=1104"}],"wp:term":[{"taxonomy":"product_cat","embeddable":true,"href":"https:\/\/www.salinen.com\/shop\/de\/wp-json\/wp\/v2\/product_cat?post=1104"},{"taxonomy":"product_tag","embeddable":true,"href":"https:\/\/www.salinen.com\/shop\/de\/wp-json\/wp\/v2\/product_tag?post=1104"}],"curies":[{"name":"wp","href":"https:\/\/api.w.org\/{rel}","templated":true}]}}