{"id":1102,"date":"2021-11-16T13:14:15","date_gmt":"2021-11-16T12:14:15","guid":{"rendered":"https:\/\/www.salinen.com\/woo\/produkt\/bad-ischler-natursalz-gemuese-und-garten-40x16g\/"},"modified":"2026-01-11T13:35:53","modified_gmt":"2026-01-11T12:35:53","slug":"bad-ischler-natursalz-gemuese-garten-16g","status":"publish","type":"product","link":"https:\/\/www.salinen.com\/shop\/de\/produkt\/bad-ischler-natursalz-gemuese-garten-16g\/","title":{"rendered":"BAD ISCHLER Natursalz Gem\u00fcse &amp; Garten 16g"},"content":{"rendered":"<div>\n<p class=\"lead\">In<span class=\"apple-converted-space\"><b>\u00a0<\/b><\/span><strong>BAD ISCHLER Natursalz Gem\u00fcse &amp; Garten\u00a0<\/strong>haben sich mildes Natursalz und\u00a0heimische Gartenkr\u00e4uter aus kontrolliert biologischem Anbau zu einer reschen Kr\u00e4utersalz-Mischung zusammen gefunden.<\/p>\n<p class=\"lead\"><strong>BAD ISCHLER Gem\u00fcse &amp; Garten<\/strong> passt hervorragend zur Jause, zu Gem\u00fcsegerichten, Aufstrichen und Salaten.<\/p>\n<p><strong>Ingredienzen: <\/strong>Natursalz, Dill*, Petersilie*, Oregano*, Basilikum*, Rosmarin*, Majoran*, Thymian*, Zwiebel*, Pastinake*, Lorbeer*, Koriander*, Muskatnuss*, K\u00fcmmel* Knoblauch*, Kurkuma*<\/p>\n<\/div>\n<div>\n<p>In den Tiefen der \u00f6sterreichischen Alpen, gut abgeschirmt von jeglichen Umwelteinfl\u00fcssen, ist die urspr\u00fcngliche Zusammensetzung des Natursalzes erhalten geblieben.<br \/>\nDas BAD ISCHLER Natursalz wird h\u00e4ndisch abgebaut und verlesen. Es ist reines, naturbelassenes Steinsalz in seiner urspr\u00fcnglichen Form mit einem besonders runden und milden Geschmack.<\/p>\n<\/div>\n","protected":false},"excerpt":{"rendered":"<h2>Kr\u00e4uter aus dem Bio-Gem\u00fcsegarten mit Natursalz<\/h2>\n<p>&nbsp;<\/p>\n<p>Steinsalz in seiner nat\u00fcrlichen und urspr\u00fcnglichen Form mit hochwertigen Zutaten.<\/p>\n<ul>\n<li><strong>unbehandeltes, feink\u00f6rniges &amp; unjodiertes Natursalz<\/strong><\/li>\n<li><strong>in sch\u00f6nen Provettengl\u00e4sern zum Verschenken<\/strong><\/li>\n<li><strong>abgebaut nach alter Bergmannstradition<\/strong><\/li>\n<li><strong>bestens geeignet zum Verfeinern &amp; W\u00fcrzen Ihrer Gerichte<\/strong><\/li>\n<li><strong>vom Berg besch\u00fctzt und bewahrt<\/strong><\/li>\n<li><strong>h\u00e4ndisch gef\u00f6rdert &amp; verlesen<\/strong><\/li>\n<li><strong>schonend abgebaut und sorgsam verarbeitet in \u00d6sterreich<\/strong><\/li>\n<\/ul>\n<p><img loading=\"lazy\" class=\"alignnone size-full wp-image-1991\" src=\"https:\/\/www.salinen.com\/shop\/wp-content\/uploads\/2021\/11\/austria-bio-garantie-1.png\" alt=\"\" width=\"80\" height=\"72\" \/><img loading=\"lazy\" class=\"alignnone size-full wp-image-1430\" src=\"https:\/\/www.salinen.com\/shop\/wp-content\/uploads\/2021\/11\/biologo-onlineshop-saag-2021.jpg\" alt=\"\" width=\"120\" height=\"80\" srcset=\"https:\/\/www.salinen.com\/shop\/wp-content\/uploads\/2021\/11\/biologo-onlineshop-saag-2021.jpg 120w, https:\/\/www.salinen.com\/shop\/wp-content\/uploads\/2021\/11\/biologo-onlineshop-saag-2021-20x12.jpg 20w\" sizes=\"(max-width: 120px) 100vw, 120px\" \/><\/p>\n","protected":false},"featured_media":6464,"comment_status":"open","ping_status":"closed","template":"","meta":[],"product_cat":[24,26],"product_tag":[],"_links":{"self":[{"href":"https:\/\/www.salinen.com\/shop\/de\/wp-json\/wp\/v2\/product\/1102"}],"collection":[{"href":"https:\/\/www.salinen.com\/shop\/de\/wp-json\/wp\/v2\/product"}],"about":[{"href":"https:\/\/www.salinen.com\/shop\/de\/wp-json\/wp\/v2\/types\/product"}],"replies":[{"embeddable":true,"href":"https:\/\/www.salinen.com\/shop\/de\/wp-json\/wp\/v2\/comments?post=1102"}],"version-history":[{"count":11,"href":"https:\/\/www.salinen.com\/shop\/de\/wp-json\/wp\/v2\/product\/1102\/revisions"}],"predecessor-version":[{"id":19335,"href":"https:\/\/www.salinen.com\/shop\/de\/wp-json\/wp\/v2\/product\/1102\/revisions\/19335"}],"wp:featuredmedia":[{"embeddable":true,"href":"https:\/\/www.salinen.com\/shop\/de\/wp-json\/wp\/v2\/media\/6464"}],"wp:attachment":[{"href":"https:\/\/www.salinen.com\/shop\/de\/wp-json\/wp\/v2\/media?parent=1102"}],"wp:term":[{"taxonomy":"product_cat","embeddable":true,"href":"https:\/\/www.salinen.com\/shop\/de\/wp-json\/wp\/v2\/product_cat?post=1102"},{"taxonomy":"product_tag","embeddable":true,"href":"https:\/\/www.salinen.com\/shop\/de\/wp-json\/wp\/v2\/product_tag?post=1102"}],"curies":[{"name":"wp","href":"https:\/\/api.w.org\/{rel}","templated":true}]}}