{"id":1099,"date":"2021-11-16T13:14:14","date_gmt":"2021-11-16T12:14:14","guid":{"rendered":"https:\/\/www.salinen.com\/woo\/produkt\/bad-ischler-natursalz-knolle-und-kraut-90g\/"},"modified":"2026-03-28T09:39:55","modified_gmt":"2026-03-28T08:39:55","slug":"bad-ischler-natursalz-knolle-kraut-90g","status":"publish","type":"product","link":"https:\/\/www.salinen.com\/shop\/de\/produkt\/bad-ischler-natursalz-knolle-kraut-90g\/","title":{"rendered":"BAD ISCHLER Natursalz Knolle &amp; Kraut 90g"},"content":{"rendered":"<p>In<b>\u00a0<\/b><strong>BAD ISCHLER Natursalz Knolle &amp; Kraut\u00a0<\/strong>geben sich mildes Natursalz und die gesamte heimische Knoblauchfamilie aus kontrolliert biologischem Anbau ein lauschiges\u00a0T\u00eate-\u00e0-T\u00eate. BAD ISCHLER Natursalz Knolle &amp; Kraut\u00a0eignet sich besonders gut f\u00fcr\u00a0Fisch und Fleisch, Gem\u00fcse, Dips, Kr\u00e4uterbutter und \u2013 nat\u00fcrlich! \u2013 dem traditionellen Tsatsiki.<\/p>\n<p><strong>Ingredienzen: <\/strong>Natursalz, Knoblauch*, B\u00e4rlauch*, Lauch*, Schnittlauch*, Sonnenblumen\u00f6l*<\/p>\n<p>*Rohstoff(e) aus kontrolliert biologischem Anbau gem\u00e4\u00df EG-\u00d6ko-Verordnung<\/p>\n<p>Unser Natursalz wird ausschlie\u00dflich in Altaussee nach alter Bergmannstradition abgebaut und von Hand verlesen. Als unser Natursalzvorkommen 2017 erlosch, schickten wir unsere besten Bergm\u00e4nner und Geologinnen auf die Suche nach einer neuen Ader, die unseren hohen Qualit\u00e4tsanspr\u00fcchen gerecht wird \u2013 \u00a0und die Suche dauerte ganze zwei Jahre! Umso mehr freuen wir uns \u00fcber die neue Kaverne, aber auch das Salzvorkommen in ihr ist begrenzt. Deshalb mussten wir den j\u00e4hrlichen Abbau limitieren. Das rare Vorkommen und die besondere Zusammensetzung machen unser Natursalz in Europa einzigartig.<\/p>\n<p>&nbsp;<\/p>\n","protected":false},"excerpt":{"rendered":"<h2>Knolle &amp; Kraut aus kontrolliert biologischem Anbau mit Natursalz<\/h2>\n<p>&nbsp;<\/p>\n<p>Steinsalz in seiner nat\u00fcrlichen und urspr\u00fcnglichen Form mit hochwertigen Zutaten.<\/p>\n<ul>\n<li><strong>unbehandeltes, feink\u00f6rniges &amp; unjodiertes Natursalz<\/strong><\/li>\n<li><strong>im praktischen Streuglas<\/strong><\/li>\n<li><strong>abgebaut nach alter Bergmannstradition<\/strong><\/li>\n<li><strong>bestens geeignet zum Verfeinern &amp; W\u00fcrzen Ihrer Gerichte<\/strong><\/li>\n<li><strong>vom Berg besch\u00fctzt und bewahrt<\/strong><\/li>\n<li><strong>h\u00e4ndisch gef\u00f6rdert &amp; verlesen<\/strong><\/li>\n<li><strong>schonend abgebaut und sorgsam verarbeitet in \u00d6sterreich<\/strong><\/li>\n<\/ul>\n<p><img loading=\"lazy\" class=\"alignnone size-full wp-image-1991\" src=\"https:\/\/www.salinen.com\/shop\/wp-content\/uploads\/2021\/11\/austria-bio-garantie-1.png\" alt=\"\" width=\"80\" height=\"72\" \/><img loading=\"lazy\" class=\"alignnone size-full wp-image-1430\" src=\"https:\/\/www.salinen.com\/shop\/wp-content\/uploads\/2021\/11\/biologo-onlineshop-saag-2021.jpg\" alt=\"\" width=\"120\" height=\"80\" srcset=\"https:\/\/www.salinen.com\/shop\/wp-content\/uploads\/2021\/11\/biologo-onlineshop-saag-2021.jpg 120w, https:\/\/www.salinen.com\/shop\/wp-content\/uploads\/2021\/11\/biologo-onlineshop-saag-2021-20x12.jpg 20w\" sizes=\"(max-width: 120px) 100vw, 120px\" \/><\/p>\n","protected":false},"featured_media":6546,"comment_status":"open","ping_status":"closed","template":"","meta":[],"product_cat":[24,26],"product_tag":[],"_links":{"self":[{"href":"https:\/\/www.salinen.com\/shop\/de\/wp-json\/wp\/v2\/product\/1099"}],"collection":[{"href":"https:\/\/www.salinen.com\/shop\/de\/wp-json\/wp\/v2\/product"}],"about":[{"href":"https:\/\/www.salinen.com\/shop\/de\/wp-json\/wp\/v2\/types\/product"}],"replies":[{"embeddable":true,"href":"https:\/\/www.salinen.com\/shop\/de\/wp-json\/wp\/v2\/comments?post=1099"}],"version-history":[{"count":21,"href":"https:\/\/www.salinen.com\/shop\/de\/wp-json\/wp\/v2\/product\/1099\/revisions"}],"predecessor-version":[{"id":14004,"href":"https:\/\/www.salinen.com\/shop\/de\/wp-json\/wp\/v2\/product\/1099\/revisions\/14004"}],"wp:featuredmedia":[{"embeddable":true,"href":"https:\/\/www.salinen.com\/shop\/de\/wp-json\/wp\/v2\/media\/6546"}],"wp:attachment":[{"href":"https:\/\/www.salinen.com\/shop\/de\/wp-json\/wp\/v2\/media?parent=1099"}],"wp:term":[{"taxonomy":"product_cat","embeddable":true,"href":"https:\/\/www.salinen.com\/shop\/de\/wp-json\/wp\/v2\/product_cat?post=1099"},{"taxonomy":"product_tag","embeddable":true,"href":"https:\/\/www.salinen.com\/shop\/de\/wp-json\/wp\/v2\/product_tag?post=1099"}],"curies":[{"name":"wp","href":"https:\/\/api.w.org\/{rel}","templated":true}]}}