{"id":1097,"date":"2021-11-16T13:14:13","date_gmt":"2021-11-16T12:14:13","guid":{"rendered":"https:\/\/www.salinen.com\/woo\/produkt\/bad-ischler-natursalz-blumen-beete-75g\/"},"modified":"2026-04-11T20:44:56","modified_gmt":"2026-04-11T18:44:56","slug":"bad-ischler-natursalz-blumen-beete-75g","status":"publish","type":"product","link":"https:\/\/www.salinen.com\/shop\/de\/produkt\/bad-ischler-natursalz-blumen-beete-75g\/","title":{"rendered":"BAD ISCHLER Natursalz Blumen &amp; Beete 75g"},"content":{"rendered":"<section data-id=\"26d44652\" data-element_type=\"section\">In<strong> BAD ISCHLER Natursalz Blumen &amp; Beete<\/strong> haben sich mildes Natursalz, Rote Beete und Bl\u00fcten aus kontrolliert biologischem Anbau zu einer bezaubernden Bl\u00fctensalz-Mischung zusammen gefunden. BAD ISCHLER Natursalz Blumen &amp; Beete eignet sich f\u00fcr Salate, Rohkost, Reis, Couscous, Aufstriche und vieles mehr.<\/section>\n<section data-id=\"26d44652\" data-element_type=\"section\">\u00a0<\/section>\n<section data-id=\"26d44652\" data-element_type=\"section\"><\/section>\n<section data-id=\"26d44652\" data-element_type=\"section\"><strong>Ingredienzen:<\/strong> Natursalz, Rote Beete*, Ringelblumenbl\u00fcten*, Sonnenblumen\u00f6l*, Gew\u00fcrzextrakt*<\/section>\n<section data-id=\"26d44652\" data-element_type=\"section\"><\/section>\n<section data-id=\"26d44652\" data-element_type=\"section\"><\/section>\n<section data-id=\"26d44652\" data-element_type=\"section\"><\/section>\n<section data-id=\"26d44652\" data-element_type=\"section\">*Rohstoff(e) aus kontrolliert biologischem Anbau gem\u00e4\u00df EG-\u00d6ko-Verordnung<\/section>\n<section data-id=\"26d44652\" data-element_type=\"section\"><\/section>\n<section data-id=\"26d44652\" data-element_type=\"section\"><\/section>\n<p data-id=\"26d44652\" data-element_type=\"section\">In den Tiefen der \u00f6sterreichischen Alpen, gut abgeschirmt von jeglichen Umwelteinfl\u00fcssen, ist die urspr\u00fcngliche Zusammensetzung des Natursalzes erhalten geblieben. Das BAD ISCHLER Natursalz wird h\u00e4ndisch abgebaut und verlesen. Es ist reines, naturbelassenes Steinsalz in seiner urspr\u00fcnglichen Form mit einem besonders runden und milden Geschmack.<\/p>\n","protected":false},"excerpt":{"rendered":"<h2>Rote Beete und Bl\u00fcten aus kontrolliert biologischem Anbau mit Natursalz<\/h2>\n<p>&nbsp;<\/p>\n<p>Steinsalz in seiner nat\u00fcrlichen und urspr\u00fcnglichen Form mit hochwertigen Zutaten.<\/p>\n<ul>\n<li><strong>unbehandeltes, feink\u00f6rniges &amp; unjodiertes Natursalz<\/strong><\/li>\n<li><strong>im praktischen Streuglas<\/strong><\/li>\n<li><strong>bestens geeignet zum Verfeinern &amp; W\u00fcrzen Ihrer Gerichte<\/strong><\/li>\n<li><strong>vom Berg besch\u00fctzt und bewahrt<\/strong><\/li>\n<li><strong>h\u00e4ndisch gef\u00f6rdert &amp; verlesen<\/strong><\/li>\n<li><strong>schonend abgebaut und sorgsam verarbeitet in \u00d6sterreich<\/strong><\/li>\n<\/ul>\n<p><img loading=\"lazy\" class=\"alignnone size-full wp-image-1991\" src=\"https:\/\/www.salinen.com\/shop\/wp-content\/uploads\/2021\/11\/austria-bio-garantie-1.png\" alt=\"\" width=\"80\" height=\"72\" \/><img loading=\"lazy\" class=\"alignnone size-full wp-image-1430\" src=\"https:\/\/www.salinen.com\/shop\/wp-content\/uploads\/2021\/11\/biologo-onlineshop-saag-2021.jpg\" alt=\"\" width=\"120\" height=\"80\" srcset=\"https:\/\/www.salinen.com\/shop\/wp-content\/uploads\/2021\/11\/biologo-onlineshop-saag-2021.jpg 120w, https:\/\/www.salinen.com\/shop\/wp-content\/uploads\/2021\/11\/biologo-onlineshop-saag-2021-20x12.jpg 20w\" sizes=\"(max-width: 120px) 100vw, 120px\" \/><\/p>\n","protected":false},"featured_media":6582,"comment_status":"open","ping_status":"closed","template":"","meta":[],"product_cat":[24,26],"product_tag":[],"_links":{"self":[{"href":"https:\/\/www.salinen.com\/shop\/de\/wp-json\/wp\/v2\/product\/1097"}],"collection":[{"href":"https:\/\/www.salinen.com\/shop\/de\/wp-json\/wp\/v2\/product"}],"about":[{"href":"https:\/\/www.salinen.com\/shop\/de\/wp-json\/wp\/v2\/types\/product"}],"replies":[{"embeddable":true,"href":"https:\/\/www.salinen.com\/shop\/de\/wp-json\/wp\/v2\/comments?post=1097"}],"version-history":[{"count":28,"href":"https:\/\/www.salinen.com\/shop\/de\/wp-json\/wp\/v2\/product\/1097\/revisions"}],"predecessor-version":[{"id":13999,"href":"https:\/\/www.salinen.com\/shop\/de\/wp-json\/wp\/v2\/product\/1097\/revisions\/13999"}],"wp:featuredmedia":[{"embeddable":true,"href":"https:\/\/www.salinen.com\/shop\/de\/wp-json\/wp\/v2\/media\/6582"}],"wp:attachment":[{"href":"https:\/\/www.salinen.com\/shop\/de\/wp-json\/wp\/v2\/media?parent=1097"}],"wp:term":[{"taxonomy":"product_cat","embeddable":true,"href":"https:\/\/www.salinen.com\/shop\/de\/wp-json\/wp\/v2\/product_cat?post=1097"},{"taxonomy":"product_tag","embeddable":true,"href":"https:\/\/www.salinen.com\/shop\/de\/wp-json\/wp\/v2\/product_tag?post=1097"}],"curies":[{"name":"wp","href":"https:\/\/api.w.org\/{rel}","templated":true}]}}