{"id":1096,"date":"2021-11-16T13:14:13","date_gmt":"2021-11-16T12:14:13","guid":{"rendered":"https:\/\/www.salinen.com\/woo\/produkt\/bad-ischler-natursalz-grob-40x20g\/"},"modified":"2026-03-27T21:44:47","modified_gmt":"2026-03-27T20:44:47","slug":"bad-ischler-natursalz-grob-20g","status":"publish","type":"product","link":"https:\/\/www.salinen.com\/shop\/de\/produkt\/bad-ischler-natursalz-grob-20g\/","title":{"rendered":"BAD ISCHLER Natursalz grob 20g"},"content":{"rendered":"<p>Das <strong>BAD ISCHLER Natursalz grobk\u00f6rnig und unjodiert <\/strong>zeichnet sich durch seinen besonders runden und milden Geschmack aus.<\/p>\n<p>Unser Natursalz wird ausschlie\u00dflich in Altaussee nach alter Bergmannstradition abgebaut und von Hand verlesen. Als unser Natursalzvorkommen 2017 erlosch, schickten wir unsere besten Bergm\u00e4nner und Geologinnen auf die Suche nach einer neuen Ader, die unseren hohen Qualit\u00e4tsanspr\u00fcchen gerecht wird \u2013 \u00a0und die Suche dauerte ganze zwei Jahre! Umso mehr freuen wir uns \u00fcber die neue Kaverne, aber auch das Salzvorkommen in ihr ist begrenzt. Deshalb mussten wir den j\u00e4hrlichen Abbau limitieren. Das rare Vorkommen und die besondere Zusammensetzung machen unser Natursalz in Europa einzigartig.<\/p>\n","protected":false},"excerpt":{"rendered":"<h2>Natursalz Provetten \u2013 grob &amp; unjodiert<\/h2>\n<p>&nbsp;<\/p>\n<p>Steinsalz in seiner nat\u00fcrlichen und urspr\u00fcnglichen Form.<\/p>\n<ul>\n<li><strong>unbehandeltes, grobes &amp; unjodiertes Natursalz<\/strong><\/li>\n<li><strong>in sch\u00f6nen Provettengl\u00e4sern zum Verschenken<\/strong><\/li>\n<li><strong>abgebaut nach alter Bergmannstradition<\/strong><\/li>\n<li><strong>bestens geeignet zum Verfeinern &amp; W\u00fcrzen Ihrer Gerichte<\/strong><\/li>\n<li><strong>vom Berg besch\u00fctzt und bewahrt<\/strong><\/li>\n<li><strong>h\u00e4ndisch gef\u00f6rdert &amp; verlesen<\/strong><\/li>\n<li><strong>schonend abgebaut und sorgsam verarbeitet in \u00d6sterreich<\/strong><\/li>\n<\/ul>\n","protected":false},"featured_media":6474,"comment_status":"open","ping_status":"closed","template":"","meta":[],"product_cat":[24,26],"product_tag":[],"_links":{"self":[{"href":"https:\/\/www.salinen.com\/shop\/de\/wp-json\/wp\/v2\/product\/1096"}],"collection":[{"href":"https:\/\/www.salinen.com\/shop\/de\/wp-json\/wp\/v2\/product"}],"about":[{"href":"https:\/\/www.salinen.com\/shop\/de\/wp-json\/wp\/v2\/types\/product"}],"replies":[{"embeddable":true,"href":"https:\/\/www.salinen.com\/shop\/de\/wp-json\/wp\/v2\/comments?post=1096"}],"version-history":[{"count":13,"href":"https:\/\/www.salinen.com\/shop\/de\/wp-json\/wp\/v2\/product\/1096\/revisions"}],"predecessor-version":[{"id":19340,"href":"https:\/\/www.salinen.com\/shop\/de\/wp-json\/wp\/v2\/product\/1096\/revisions\/19340"}],"wp:featuredmedia":[{"embeddable":true,"href":"https:\/\/www.salinen.com\/shop\/de\/wp-json\/wp\/v2\/media\/6474"}],"wp:attachment":[{"href":"https:\/\/www.salinen.com\/shop\/de\/wp-json\/wp\/v2\/media?parent=1096"}],"wp:term":[{"taxonomy":"product_cat","embeddable":true,"href":"https:\/\/www.salinen.com\/shop\/de\/wp-json\/wp\/v2\/product_cat?post=1096"},{"taxonomy":"product_tag","embeddable":true,"href":"https:\/\/www.salinen.com\/shop\/de\/wp-json\/wp\/v2\/product_tag?post=1096"}],"curies":[{"name":"wp","href":"https:\/\/api.w.org\/{rel}","templated":true}]}}