{"id":1092,"date":"2021-11-16T13:14:12","date_gmt":"2021-11-16T12:14:12","guid":{"rendered":"https:\/\/www.salinen.com\/woo\/produkt\/bad-ischler-natursalz-grob-250g\/"},"modified":"2024-08-03T10:53:28","modified_gmt":"2024-08-03T08:53:28","slug":"bad-ischler-natursalz-grob-250g","status":"publish","type":"product","link":"https:\/\/www.salinen.com\/shop\/de\/produkt\/bad-ischler-natursalz-grob-250g\/","title":{"rendered":"BAD ISCHLER Natursalz grob 250g"},"content":{"rendered":"<p>Das <strong>BAD ISCHLER Natursalz grob und unjodiert <\/strong>zeichnet sich durch seinen besonders runden und milden Geschmack aus.<\/p>\n<p>Unser Natursalz wird ausschlie\u00dflich in Altaussee nach alter Bergmannstradition abgebaut und von Hand verlesen. Als unser Natursalzvorkommen 2017 erlosch, schickten wir unsere besten Bergm\u00e4nner und Geologinnen auf die Suche nach einer neuen Ader, die unseren hohen Qualit\u00e4tsanspr\u00fcchen gerecht wird \u2013 \u00a0und die Suche dauerte zwei Jahre! Umso mehr freuen wir uns \u00fcber die neue Kaverne, aber auch das Salzvorkommen in ihr ist begrenzt. Deshalb mussten wir den j\u00e4hrlichen Abbau limitieren. Das rare Vorkommen und die besondere Zusammensetzung machen unser Natursalz in Europa einzigartig.<\/p>\n","protected":false},"excerpt":{"rendered":"<h2>Natursalz Nachf\u00fcllpackung \u2013 grob &amp; unjodiert<\/h2>\n<p>&nbsp;<\/p>\n<p>Steinsalz in seiner nat\u00fcrlichen und urspr\u00fcnglichen Form.<\/p>\n<ul>\n<li><strong>unbehandeltes, grobes &amp; unjodiertes Natursalz<\/strong><\/li>\n<li><strong>bestens geeignet zum Verfeinern &amp; W\u00fcrzen Ihrer Gerichte<\/strong><\/li>\n<li><strong>vom Berg besch\u00fctzt und bewahrt<\/strong><\/li>\n<li><strong>h\u00e4ndisch gef\u00f6rdert &amp; verlesen<\/strong><\/li>\n<li><strong>schonend abgebaut und sorgsam verarbeitet in \u00d6sterreich<\/strong><\/li>\n<\/ul>\n","protected":false},"featured_media":6494,"comment_status":"open","ping_status":"closed","template":"","meta":[],"product_cat":[24,26],"product_tag":[],"_links":{"self":[{"href":"https:\/\/www.salinen.com\/shop\/de\/wp-json\/wp\/v2\/product\/1092"}],"collection":[{"href":"https:\/\/www.salinen.com\/shop\/de\/wp-json\/wp\/v2\/product"}],"about":[{"href":"https:\/\/www.salinen.com\/shop\/de\/wp-json\/wp\/v2\/types\/product"}],"replies":[{"embeddable":true,"href":"https:\/\/www.salinen.com\/shop\/de\/wp-json\/wp\/v2\/comments?post=1092"}],"version-history":[{"count":16,"href":"https:\/\/www.salinen.com\/shop\/de\/wp-json\/wp\/v2\/product\/1092\/revisions"}],"predecessor-version":[{"id":23630,"href":"https:\/\/www.salinen.com\/shop\/de\/wp-json\/wp\/v2\/product\/1092\/revisions\/23630"}],"wp:featuredmedia":[{"embeddable":true,"href":"https:\/\/www.salinen.com\/shop\/de\/wp-json\/wp\/v2\/media\/6494"}],"wp:attachment":[{"href":"https:\/\/www.salinen.com\/shop\/de\/wp-json\/wp\/v2\/media?parent=1092"}],"wp:term":[{"taxonomy":"product_cat","embeddable":true,"href":"https:\/\/www.salinen.com\/shop\/de\/wp-json\/wp\/v2\/product_cat?post=1092"},{"taxonomy":"product_tag","embeddable":true,"href":"https:\/\/www.salinen.com\/shop\/de\/wp-json\/wp\/v2\/product_tag?post=1092"}],"curies":[{"name":"wp","href":"https:\/\/api.w.org\/{rel}","templated":true}]}}