{"id":1091,"date":"2021-11-16T13:14:12","date_gmt":"2021-11-16T12:14:12","guid":{"rendered":"https:\/\/www.salinen.com\/woo\/produkt\/bad-ischler-natursalz-muehle-90g\/"},"modified":"2026-04-02T08:40:49","modified_gmt":"2026-04-02T06:40:49","slug":"bad-ischler-natursalz-muehle-90g","status":"publish","type":"product","link":"https:\/\/www.salinen.com\/shop\/de\/produkt\/bad-ischler-natursalz-muehle-90g\/","title":{"rendered":"BAD ISCHLER Natursalz M\u00fchle 90g"},"content":{"rendered":"<p>Die hochwertige <strong>BAD ISCHLER Natursalzm\u00fchle mit 90g reinstem Steinsalz<\/strong> ist ideal zum Nachsalzen und W\u00fcrzen am Tisch geeignet. Die Glasm\u00fchle sieht nicht nur elegant aus, sie ist auch dank der leichten Wiederbef\u00fcllbarkeit ein nachhaltiges Utensil f\u00fcr Ihre K\u00fcche und Ihren Esstisch. Das pr\u00e4zise und verstellbare Keramikmahlwerk macht das W\u00fcrzen zu einem kleinen Erlebnis.<\/p>\n<p>Das <strong>BAD ISCHLER Natursalz grob und unjodiert <\/strong>zeichnet sich durch seinen besonders runden und milden Geschmack aus.<\/p>\n<p>Unser Natursalz wird ausschlie\u00dflich in Altaussee nach alter Bergmannstradition abgebaut und von Hand verlesen. Als unser Natursalzvorkommen 2017 erlosch, schickten wir unsere besten Bergm\u00e4nner und Geologinnen auf die Suche nach einer neuen Ader, die unseren hohen Qualit\u00e4tsanspr\u00fcchen gerecht wird \u2013 \u00a0und die Suche dauerte ganze zwei Jahre! Umso mehr freuen wir uns \u00fcber die neue Kaverne, aber auch das Salzvorkommen in ihr ist begrenzt. Deshalb mussten wir den j\u00e4hrlichen Abbau limitieren. Das rare Vorkommen und die besondere Zusammensetzung machen unser Natursalz in Europa einzigartig.<\/p>\n","protected":false},"excerpt":{"rendered":"<h2>Natursalz in der M\u00fchle \u2013 grob &amp; unjodiert<\/h2>\n<p>&nbsp;<\/p>\n<p>Hochwertige M\u00fchle mit Steinsalz aus den \u00f6sterreichischen Alpen.<\/p>\n<ul>\n<li><strong>Keramikmahlwerk<\/strong><\/li>\n<li><strong>wiederbef\u00fcllbar und nachhaltig<\/strong><\/li>\n<li><strong>unbehandeltes, grobes &amp; unjodiertes Natursalz<\/strong><\/li>\n<li><strong>Salz in seiner urspr\u00fcnglichen Form<\/strong><\/li>\n<li><strong>abgebaut nach alter Bergmannstradition<\/strong><\/li>\n<li><strong>bestens geeignet zum Verfeinern &amp; W\u00fcrzen Ihrer Gerichte<\/strong><\/li>\n<li><strong>vom Berg besch\u00fctzt und bewahrt<\/strong><\/li>\n<li><strong>h\u00e4ndisch gef\u00f6rdert &amp; verlesen<\/strong><\/li>\n<li><strong>schonend abgebaut und sorgsam verarbeitet in \u00d6sterreich<\/strong><\/li>\n<\/ul>\n","protected":false},"featured_media":6520,"comment_status":"open","ping_status":"closed","template":"","meta":[],"product_cat":[24,26,236],"product_tag":[],"_links":{"self":[{"href":"https:\/\/www.salinen.com\/shop\/de\/wp-json\/wp\/v2\/product\/1091"}],"collection":[{"href":"https:\/\/www.salinen.com\/shop\/de\/wp-json\/wp\/v2\/product"}],"about":[{"href":"https:\/\/www.salinen.com\/shop\/de\/wp-json\/wp\/v2\/types\/product"}],"replies":[{"embeddable":true,"href":"https:\/\/www.salinen.com\/shop\/de\/wp-json\/wp\/v2\/comments?post=1091"}],"version-history":[{"count":16,"href":"https:\/\/www.salinen.com\/shop\/de\/wp-json\/wp\/v2\/product\/1091\/revisions"}],"predecessor-version":[{"id":13996,"href":"https:\/\/www.salinen.com\/shop\/de\/wp-json\/wp\/v2\/product\/1091\/revisions\/13996"}],"wp:featuredmedia":[{"embeddable":true,"href":"https:\/\/www.salinen.com\/shop\/de\/wp-json\/wp\/v2\/media\/6520"}],"wp:attachment":[{"href":"https:\/\/www.salinen.com\/shop\/de\/wp-json\/wp\/v2\/media?parent=1091"}],"wp:term":[{"taxonomy":"product_cat","embeddable":true,"href":"https:\/\/www.salinen.com\/shop\/de\/wp-json\/wp\/v2\/product_cat?post=1091"},{"taxonomy":"product_tag","embeddable":true,"href":"https:\/\/www.salinen.com\/shop\/de\/wp-json\/wp\/v2\/product_tag?post=1091"}],"curies":[{"name":"wp","href":"https:\/\/api.w.org\/{rel}","templated":true}]}}