{"id":1086,"date":"2021-11-16T13:14:10","date_gmt":"2021-11-16T12:14:10","guid":{"rendered":"https:\/\/www.salinen.com\/woo\/produkt\/bad-ischler-knoblauch-salz-90g\/"},"modified":"2026-04-07T18:51:20","modified_gmt":"2026-04-07T16:51:20","slug":"bad-ischler-knoblauch-salz-90g","status":"publish","type":"product","link":"https:\/\/www.salinen.com\/shop\/de\/produkt\/bad-ischler-knoblauch-salz-90g\/","title":{"rendered":"BAD ISCHLER Knoblauch Salz 90g"},"content":{"rendered":"<p>Beinah keine K\u00fcche der Welt kommt ohne Knoblauch aus \u2013\u00a0und nat\u00fcrlich auch nicht unser\u00a0BAD ISCHLER Knoblauch Salz! Das\u00a0<strong>feink\u00f6rninge, jodierte BAD ISCHLER Knoblauch Salz im praktischen Streuer<\/strong> bietet Ihnen eine au\u00dfergew\u00f6hnliche Gew\u00fcrzmischung zum Verfeinern und W\u00fcrzen.<\/p>\n<p>Ideal \u00a0f\u00fcr alle,\u00a0denen es nicht genug nach Knoblauch schmecken kann.<\/p>\n<p>Unsere Gew\u00fcrzsalze sind zu <strong>100 % vegan, allergenfrei, glutenfrei und lactosefrei!<\/strong> Gaumenfreuden sind somit garantiert!<\/p>\n<p><strong class=\"blueheadline\">KOCHREZEPT TIPP<\/strong><br \/>\nInternationale K\u00fcche bei Ihnen zuhause: Mangold Risotto mit gebratenen Garnelen und gelber Paprikabutter!<br \/>\n<strong><a href=\"https:\/\/www.badischler.at\/rezepte\/detail\/mangold-risotto-mit-gebratenen-garnelen-und-gelber-paprikabutter\" target=\"_blank\" rel=\"noopener\">Hier geht es zum REZEPT!<\/a><\/strong><\/p>\n","protected":false},"excerpt":{"rendered":"<h2>Gew\u00fcrzsalz \u2013 fein &amp; jodiert<\/h2>\n<p>&nbsp;<\/p>\n<p>Delikates Knoblauchgew\u00fcrzsalz mit Salz aus den \u00f6sterreichischen Alpen.<\/p>\n<ul>\n<li><strong>feink\u00f6rnig &amp; jodiert<\/strong><\/li>\n<li><strong>im handlichen &amp; praktischen 90g Streuer<\/strong><\/li>\n<li><strong>bestens geeignet zum Verfeinern &amp; W\u00fcrzen von Fisch- &amp; Fleischgerichten, Salat &amp; Saucen.<\/strong><\/li>\n<li><strong>vom Berg besch\u00fctzt und bewahrt<\/strong><\/li>\n<li><strong>schonend gef\u00f6rdert und sorgsam verarbeitet in \u00d6sterreich<\/strong><\/li>\n<\/ul>\n<p><img loading=\"lazy\" class=\"alignnone size-full wp-image-1432\" src=\"https:\/\/www.salinen.com\/shop\/wp-content\/uploads\/2021\/11\/ama-onlineshop-saag-2021.jpg\" alt=\"\" width=\"120\" height=\"80\" srcset=\"https:\/\/www.salinen.com\/shop\/wp-content\/uploads\/2021\/11\/ama-onlineshop-saag-2021.jpg 120w, https:\/\/www.salinen.com\/shop\/wp-content\/uploads\/2021\/11\/ama-onlineshop-saag-2021-20x12.jpg 20w\" sizes=\"(max-width: 120px) 100vw, 120px\" \/><\/p>\n","protected":false},"featured_media":6420,"comment_status":"open","ping_status":"closed","template":"","meta":[],"product_cat":[24,28],"product_tag":[],"_links":{"self":[{"href":"https:\/\/www.salinen.com\/shop\/de\/wp-json\/wp\/v2\/product\/1086"}],"collection":[{"href":"https:\/\/www.salinen.com\/shop\/de\/wp-json\/wp\/v2\/product"}],"about":[{"href":"https:\/\/www.salinen.com\/shop\/de\/wp-json\/wp\/v2\/types\/product"}],"replies":[{"embeddable":true,"href":"https:\/\/www.salinen.com\/shop\/de\/wp-json\/wp\/v2\/comments?post=1086"}],"version-history":[{"count":8,"href":"https:\/\/www.salinen.com\/shop\/de\/wp-json\/wp\/v2\/product\/1086\/revisions"}],"predecessor-version":[{"id":13979,"href":"https:\/\/www.salinen.com\/shop\/de\/wp-json\/wp\/v2\/product\/1086\/revisions\/13979"}],"wp:featuredmedia":[{"embeddable":true,"href":"https:\/\/www.salinen.com\/shop\/de\/wp-json\/wp\/v2\/media\/6420"}],"wp:attachment":[{"href":"https:\/\/www.salinen.com\/shop\/de\/wp-json\/wp\/v2\/media?parent=1086"}],"wp:term":[{"taxonomy":"product_cat","embeddable":true,"href":"https:\/\/www.salinen.com\/shop\/de\/wp-json\/wp\/v2\/product_cat?post=1086"},{"taxonomy":"product_tag","embeddable":true,"href":"https:\/\/www.salinen.com\/shop\/de\/wp-json\/wp\/v2\/product_tag?post=1086"}],"curies":[{"name":"wp","href":"https:\/\/api.w.org\/{rel}","templated":true}]}}