{"id":1085,"date":"2021-11-16T13:14:09","date_gmt":"2021-11-16T12:14:09","guid":{"rendered":"https:\/\/www.salinen.com\/woo\/produkt\/bad-ischler-grill-braten-salz-90g\/"},"modified":"2026-04-10T14:48:06","modified_gmt":"2026-04-10T12:48:06","slug":"bad-ischler-grill-braten-salz-90g","status":"publish","type":"product","link":"https:\/\/www.salinen.com\/shop\/de\/produkt\/bad-ischler-grill-braten-salz-90g\/","title":{"rendered":"BAD ISCHLER Grill &amp; Braten Salz 90g"},"content":{"rendered":"<p>Unser <strong>BAD ISCHLER Grill- und Bratensalz<\/strong> eignet sich ideal zum W\u00fcrzen f\u00fcr Gegrilltes, zum Braten und Marinieren von Schwein, Rind und Gefl\u00fcgel. Es verleiht Ihren Grillspeisen ein wunderbar feines und rauchiges Aroma.<\/p>\n<p>Ideal f\u00fcr GrillmeisterInnen und alle, die es noch werden wollen.<\/p>\n<p>Unsere Gew\u00fcrzsalze sind zu <strong>100 % vegan, allergenfrei, glutenfrei und lactosefrei!<\/strong> Gaumenfreuden sind somit garantiert!<\/p>\n<p><strong class=\"blueheadline\">KOCHREZEPT TIPP<\/strong><br \/>\nEgal ob Honig Orange, Whisky BBQ, oder Kr\u00e4uter-Joghurt \u2013 bei unseren Marinaden und Saucen ist f\u00fcr jeden etwas dabei!<br \/>\n<strong><a href=\"https:\/\/www.badischler.at\/rezepte\/detail\/grill-marinaden\" target=\"_blank\" rel=\"noopener\">Hier geht es zu den REZEPTEN!<\/a><\/strong><\/p>\n","protected":false},"excerpt":{"rendered":"<h2>Gew\u00fcrzsalz \u2013 fein &amp; jodiert<\/h2>\n<p>&nbsp;<\/p>\n<p>Rauchiges Grillsalzgew\u00fcrz mit Salz aus den \u00f6sterreichischen Alpen.<\/p>\n<ul>\n<li><strong>feink\u00f6rnig &amp; jodiert<\/strong><\/li>\n<li><strong>im handlichen &amp; praktischen 90g Streuer<\/strong><\/li>\n<li><strong>bestens geeignet zum W\u00fcrzen &amp; Marinieren von Grillfleisch und Grillgem\u00fcse<\/strong><\/li>\n<li><strong>vom Berg besch\u00fctzt und bewahrt<\/strong><\/li>\n<li><strong>schonend gef\u00f6rdert und sorgsam verarbeitet in \u00d6sterreich<\/strong><\/li>\n<\/ul>\n<p><img loading=\"lazy\" class=\"alignnone size-full wp-image-1432\" src=\"https:\/\/www.salinen.com\/shop\/wp-content\/uploads\/2021\/11\/ama-onlineshop-saag-2021.jpg\" alt=\"\" width=\"120\" height=\"80\" srcset=\"https:\/\/www.salinen.com\/shop\/wp-content\/uploads\/2021\/11\/ama-onlineshop-saag-2021.jpg 120w, https:\/\/www.salinen.com\/shop\/wp-content\/uploads\/2021\/11\/ama-onlineshop-saag-2021-20x12.jpg 20w\" sizes=\"(max-width: 120px) 100vw, 120px\" \/><\/p>\n","protected":false},"featured_media":6432,"comment_status":"open","ping_status":"closed","template":"","meta":[],"product_cat":[24,28],"product_tag":[],"_links":{"self":[{"href":"https:\/\/www.salinen.com\/shop\/de\/wp-json\/wp\/v2\/product\/1085"}],"collection":[{"href":"https:\/\/www.salinen.com\/shop\/de\/wp-json\/wp\/v2\/product"}],"about":[{"href":"https:\/\/www.salinen.com\/shop\/de\/wp-json\/wp\/v2\/types\/product"}],"replies":[{"embeddable":true,"href":"https:\/\/www.salinen.com\/shop\/de\/wp-json\/wp\/v2\/comments?post=1085"}],"version-history":[{"count":8,"href":"https:\/\/www.salinen.com\/shop\/de\/wp-json\/wp\/v2\/product\/1085\/revisions"}],"predecessor-version":[{"id":13975,"href":"https:\/\/www.salinen.com\/shop\/de\/wp-json\/wp\/v2\/product\/1085\/revisions\/13975"}],"wp:featuredmedia":[{"embeddable":true,"href":"https:\/\/www.salinen.com\/shop\/de\/wp-json\/wp\/v2\/media\/6432"}],"wp:attachment":[{"href":"https:\/\/www.salinen.com\/shop\/de\/wp-json\/wp\/v2\/media?parent=1085"}],"wp:term":[{"taxonomy":"product_cat","embeddable":true,"href":"https:\/\/www.salinen.com\/shop\/de\/wp-json\/wp\/v2\/product_cat?post=1085"},{"taxonomy":"product_tag","embeddable":true,"href":"https:\/\/www.salinen.com\/shop\/de\/wp-json\/wp\/v2\/product_tag?post=1085"}],"curies":[{"name":"wp","href":"https:\/\/api.w.org\/{rel}","templated":true}]}}