{"id":1084,"date":"2021-11-16T13:14:09","date_gmt":"2021-11-16T12:14:09","guid":{"rendered":"https:\/\/www.salinen.com\/woo\/produkt\/bad-ischler-brathendl-salz-90g\/"},"modified":"2026-04-22T10:10:55","modified_gmt":"2026-04-22T08:10:55","slug":"bad-ischler-brathendl-salz-90g","status":"publish","type":"product","link":"https:\/\/www.salinen.com\/shop\/de\/produkt\/bad-ischler-brathendl-salz-90g\/","title":{"rendered":"BAD ISCHLER Brathendl Salz 90g"},"content":{"rendered":"<p><strong>BAD ISCHLER Brathendl Salz im handlichen Streuer<\/strong>\u00a0verfeinert mit Kurkuma, Piment und Kardamom Ihren Gefl\u00fcgelgerichten einen unverwechselbar, k\u00f6stlichen Geschmack und passt auch wunderbar zu Kartoffelgerichten, Gegrilltem, Pommes und Gulasch.<\/p>\n<p>Ideal f\u00fcr alle, die kulinarisch gern abheben.<\/p>\n<p>Unsere Gew\u00fcrzsalze sind zu <strong>100 % vegan, allergenfrei, glutenfrei und lactosefrei!<\/strong> Gaumenfreuden sind somit garantiert!<\/p>\n<p><strong class=\"blueheadline\">KOCHREZEPT TIPP<\/strong><br \/>\nSchmeckt der ganzen Familie &#8211; H\u00fchnerbrust, gef\u00fcllt mit Babyspinat und Frischk\u00e4se auf Erd\u00e4pfelgulasch.<br \/>\n<strong><a href=\"https:\/\/www.badischler.at\/rezepte\/detail\/huehnerbrust-gefuellt-mit-babyspinat-und-frischkaese-auf-erdaepfelgulasch\" target=\"_blank\" rel=\"noopener\">Hier geht es zum REZEPT!<\/a><\/strong><\/p>\n","protected":false},"excerpt":{"rendered":"<h2>Gew\u00fcrzsalz \u2013 fein &amp; jodiert<\/h2>\n<p>&nbsp;<\/p>\n<p>Extravagantes Brathendlgew\u00fcrzsalz mit Salz aus den \u00f6sterreichischen Alpen.<\/p>\n<ul>\n<li><strong>feink\u00f6rnig &amp; jodiert<\/strong><\/li>\n<li><strong>im handlichen &amp; praktischen 90g Streuer<\/strong><\/li>\n<li><strong>bestens geeignet zum W\u00fcrzen &amp; Verfeinern von Gefl\u00fcgelgerichten<\/strong><\/li>\n<li><strong>vom Berg besch\u00fctzt und bewahrt<\/strong><\/li>\n<li><strong>schonend gef\u00f6rdert und sorgsam verarbeitet in \u00d6sterreich<\/strong><\/li>\n<\/ul>\n<p><img loading=\"lazy\" class=\"alignnone size-full wp-image-1432\" src=\"https:\/\/www.salinen.com\/shop\/wp-content\/uploads\/2021\/11\/ama-onlineshop-saag-2021.jpg\" alt=\"\" width=\"120\" height=\"80\" srcset=\"https:\/\/www.salinen.com\/shop\/wp-content\/uploads\/2021\/11\/ama-onlineshop-saag-2021.jpg 120w, https:\/\/www.salinen.com\/shop\/wp-content\/uploads\/2021\/11\/ama-onlineshop-saag-2021-20x12.jpg 20w\" sizes=\"(max-width: 120px) 100vw, 120px\" \/><\/p>\n","protected":false},"featured_media":6426,"comment_status":"open","ping_status":"closed","template":"","meta":[],"product_cat":[24,28],"product_tag":[],"_links":{"self":[{"href":"https:\/\/www.salinen.com\/shop\/de\/wp-json\/wp\/v2\/product\/1084"}],"collection":[{"href":"https:\/\/www.salinen.com\/shop\/de\/wp-json\/wp\/v2\/product"}],"about":[{"href":"https:\/\/www.salinen.com\/shop\/de\/wp-json\/wp\/v2\/types\/product"}],"replies":[{"embeddable":true,"href":"https:\/\/www.salinen.com\/shop\/de\/wp-json\/wp\/v2\/comments?post=1084"}],"version-history":[{"count":7,"href":"https:\/\/www.salinen.com\/shop\/de\/wp-json\/wp\/v2\/product\/1084\/revisions"}],"predecessor-version":[{"id":13976,"href":"https:\/\/www.salinen.com\/shop\/de\/wp-json\/wp\/v2\/product\/1084\/revisions\/13976"}],"wp:featuredmedia":[{"embeddable":true,"href":"https:\/\/www.salinen.com\/shop\/de\/wp-json\/wp\/v2\/media\/6426"}],"wp:attachment":[{"href":"https:\/\/www.salinen.com\/shop\/de\/wp-json\/wp\/v2\/media?parent=1084"}],"wp:term":[{"taxonomy":"product_cat","embeddable":true,"href":"https:\/\/www.salinen.com\/shop\/de\/wp-json\/wp\/v2\/product_cat?post=1084"},{"taxonomy":"product_tag","embeddable":true,"href":"https:\/\/www.salinen.com\/shop\/de\/wp-json\/wp\/v2\/product_tag?post=1084"}],"curies":[{"name":"wp","href":"https:\/\/api.w.org\/{rel}","templated":true}]}}