{"id":1082,"date":"2021-11-16T13:14:08","date_gmt":"2021-11-16T12:14:08","guid":{"rendered":"https:\/\/www.salinen.com\/woo\/produkt\/bad-ischler-salat-salz-75g\/"},"modified":"2026-05-01T17:31:55","modified_gmt":"2026-05-01T15:31:55","slug":"bad-ischler-salat-salz-75g","status":"publish","type":"product","link":"https:\/\/www.salinen.com\/shop\/de\/produkt\/bad-ischler-salat-salz-75g\/","title":{"rendered":"BAD ISCHLER Salat Salz 75g"},"content":{"rendered":"<p>Das\u00a0<strong>feink\u00f6rnige und jodierte BAD ISCHLER Salat Salz<\/strong>\u00a0verfeinert mit Petersilie, Schnittlauch, Basilikum, Zwiebel, Knoblauch und Pfeffer Gem\u00fcsegerichte und Salate im Handumdrehen.<\/p>\n<p>Ideal f\u00fcr alle, f\u00fcr die Salat mehr als eine musst-have Beilage ist.<\/p>\n<p>Unsere Gew\u00fcrzsalze sind zu <strong>100 % vegan, allergenfrei, glutenfrei und lactosefrei!<\/strong> Gaumenfreuden sind somit garantiert!<\/p>\n<p><strong class=\"blueheadline\">KOCHREZEPT TIPP<\/strong><br \/>\nFrisch, gesund und vor allem k\u00f6stlich! Gartensalat mit Kr\u00e4uterdressing, ger\u00e4ucherter Forelle und gebratenen Linsensprossen.<br \/>\n<strong><a href=\"https:\/\/www.badischler.at\/rezepte\/detail\/gartensalat-mit-kraeuterdressing-geraeucherter-forelle-und-gebratenen-linsensprossen\" target=\"_blank\" rel=\"noopener\">Hier geht es zum REZEPT!<\/a><\/strong><\/p>\n","protected":false},"excerpt":{"rendered":"<ul>\n<li>Gew\u00fcrzsalz \u2013 fein &amp; jodiert<\/li>\n<\/ul>\n<p>&nbsp;<\/p>\n<p>Schmackhaftes Salatgew\u00fcrzsalz mit\u00a0Salz aus den \u00f6sterreichischen Alpen.<\/p>\n<ul>\n<li><strong>feink\u00f6rnig &amp; jodiert<\/strong><\/li>\n<li><strong>im handlichen &amp; praktischen 75g Streuer<\/strong><\/li>\n<li><strong>bestens geeignet zum W\u00fcrzen &amp; Verfeinern von Salaten und Gem\u00fcse<\/strong><\/li>\n<li><strong>vom Berg besch\u00fctzt und bewahrt<\/strong><\/li>\n<li><strong>schonend gef\u00f6rdert und sorgsam verarbeitet in \u00d6sterreich<\/strong><\/li>\n<\/ul>\n<p><img loading=\"lazy\" class=\"alignnone size-full wp-image-1432\" src=\"https:\/\/www.salinen.com\/shop\/wp-content\/uploads\/2021\/11\/ama-onlineshop-saag-2021.jpg\" alt=\"\" width=\"120\" height=\"80\" srcset=\"https:\/\/www.salinen.com\/shop\/wp-content\/uploads\/2021\/11\/ama-onlineshop-saag-2021.jpg 120w, https:\/\/www.salinen.com\/shop\/wp-content\/uploads\/2021\/11\/ama-onlineshop-saag-2021-20x12.jpg 20w\" sizes=\"(max-width: 120px) 100vw, 120px\" \/><\/p>\n","protected":false},"featured_media":6438,"comment_status":"open","ping_status":"closed","template":"","meta":[],"product_cat":[24,28],"product_tag":[],"_links":{"self":[{"href":"https:\/\/www.salinen.com\/shop\/de\/wp-json\/wp\/v2\/product\/1082"}],"collection":[{"href":"https:\/\/www.salinen.com\/shop\/de\/wp-json\/wp\/v2\/product"}],"about":[{"href":"https:\/\/www.salinen.com\/shop\/de\/wp-json\/wp\/v2\/types\/product"}],"replies":[{"embeddable":true,"href":"https:\/\/www.salinen.com\/shop\/de\/wp-json\/wp\/v2\/comments?post=1082"}],"version-history":[{"count":8,"href":"https:\/\/www.salinen.com\/shop\/de\/wp-json\/wp\/v2\/product\/1082\/revisions"}],"predecessor-version":[{"id":13972,"href":"https:\/\/www.salinen.com\/shop\/de\/wp-json\/wp\/v2\/product\/1082\/revisions\/13972"}],"wp:featuredmedia":[{"embeddable":true,"href":"https:\/\/www.salinen.com\/shop\/de\/wp-json\/wp\/v2\/media\/6438"}],"wp:attachment":[{"href":"https:\/\/www.salinen.com\/shop\/de\/wp-json\/wp\/v2\/media?parent=1082"}],"wp:term":[{"taxonomy":"product_cat","embeddable":true,"href":"https:\/\/www.salinen.com\/shop\/de\/wp-json\/wp\/v2\/product_cat?post=1082"},{"taxonomy":"product_tag","embeddable":true,"href":"https:\/\/www.salinen.com\/shop\/de\/wp-json\/wp\/v2\/product_tag?post=1082"}],"curies":[{"name":"wp","href":"https:\/\/api.w.org\/{rel}","templated":true}]}}