{"id":1081,"date":"2021-11-16T13:14:08","date_gmt":"2021-11-16T12:14:08","guid":{"rendered":"https:\/\/www.salinen.com\/woo\/produkt\/bad-ischler-bio-7-kraeuter-salz-100g\/"},"modified":"2026-04-24T09:38:27","modified_gmt":"2026-04-24T07:38:27","slug":"bad-ischler-bio-7-kraeuter-salz-100g","status":"publish","type":"product","link":"https:\/\/www.salinen.com\/shop\/de\/produkt\/bad-ischler-bio-7-kraeuter-salz-100g\/","title":{"rendered":"BAD ISCHLER Bio 7 Kr\u00e4uter Salz 100g"},"content":{"rendered":"<p>Das <strong>feink\u00f6rnige und unjodierte BAD ISCHLER 7 Kr\u00e4uter Salz in BIO Qualit\u00e4t<\/strong> schmeckt wie frisch aus dem Garten. Petersilie, Basilikum, Majoran, Thymian, Dill, Rosmarin und Oregano verfeinern\u00a0herzhafte Fleischgerichte, vitaminreiche Gem\u00fcsepfannen oder k\u00f6stliche Salate.<\/p>\n<p>Ideal f\u00fcr alle, die BIOlogisch denken.<\/p>\n<p>Unsere Gew\u00fcrzsalze sind zu <strong>100 % vegan, allergenfrei, glutenfrei und lactosefrei!<\/strong> Gaumenfreuden sind somit garantiert! Ein unverzichtbarer Begleiter beim Kochen Ihrer Lieblingsgerichte!<\/p>\n<p><strong class=\"blueheadline\">KOCHREZEPT TIPP<\/strong><br \/>\nVegetarisch und lecker: in 40 Minuten zum k\u00f6stlichen Schwammerl-Schmortopf!<br \/>\n<a href=\"https:\/\/www.badischler.at\/rezepte\/detail\/vegetarischer-schwammerlschmortopf-mit-portweinsauce-und-cremiger-polenta\" target=\"_blank\" rel=\"noopener\"><strong>Hier geht es zum REZEPT!<\/strong><\/a><\/p>\n","protected":false},"excerpt":{"rendered":"<h2>BIO Gew\u00fcrzsalz \u2013 fein &amp; unjodiert<\/h2>\n<p>&nbsp;<\/p>\n<p>7 Kr\u00e4uter Gew\u00fcrzsalz in BIO Qualit\u00e4t mit Salz aus den \u00f6sterreichischen Alpen.<\/p>\n<ul>\n<li><strong>feink\u00f6rnig &amp; unjodiert<\/strong><\/li>\n<li><strong>nachhaltig ausgew\u00e4hlte BIO Kr\u00e4uter<\/strong><\/li>\n<li><strong>im handlichen &amp; praktischen 100g Streuer<\/strong><\/li>\n<li><strong>bestens geeignet zum W\u00fcrzen &amp; Verfeinern<\/strong><\/li>\n<li><strong>vom Berg besch\u00fctzt und bewahrt<\/strong><\/li>\n<li><strong>schonend gef\u00f6rdert und sorgsam verarbeitet in \u00d6sterreich<\/strong><\/li>\n<\/ul>\n<p><img loading=\"lazy\" class=\"alignnone size-full wp-image-1432\" src=\"https:\/\/www.salinen.com\/shop\/wp-content\/uploads\/2021\/11\/ama-onlineshop-saag-2021.jpg\" alt=\"\" width=\"120\" height=\"80\" srcset=\"https:\/\/www.salinen.com\/shop\/wp-content\/uploads\/2021\/11\/ama-onlineshop-saag-2021.jpg 120w, https:\/\/www.salinen.com\/shop\/wp-content\/uploads\/2021\/11\/ama-onlineshop-saag-2021-20x12.jpg 20w\" sizes=\"(max-width: 120px) 100vw, 120px\" \/><img loading=\"lazy\" class=\"alignnone size-full wp-image-1430\" src=\"https:\/\/www.salinen.com\/shop\/wp-content\/uploads\/2021\/11\/biologo-onlineshop-saag-2021.jpg\" alt=\"\" width=\"120\" height=\"80\" srcset=\"https:\/\/www.salinen.com\/shop\/wp-content\/uploads\/2021\/11\/biologo-onlineshop-saag-2021.jpg 120w, https:\/\/www.salinen.com\/shop\/wp-content\/uploads\/2021\/11\/biologo-onlineshop-saag-2021-20x12.jpg 20w\" sizes=\"(max-width: 120px) 100vw, 120px\" \/><\/p>\n","protected":false},"featured_media":6408,"comment_status":"open","ping_status":"closed","template":"","meta":[],"product_cat":[24,28],"product_tag":[],"_links":{"self":[{"href":"https:\/\/www.salinen.com\/shop\/de\/wp-json\/wp\/v2\/product\/1081"}],"collection":[{"href":"https:\/\/www.salinen.com\/shop\/de\/wp-json\/wp\/v2\/product"}],"about":[{"href":"https:\/\/www.salinen.com\/shop\/de\/wp-json\/wp\/v2\/types\/product"}],"replies":[{"embeddable":true,"href":"https:\/\/www.salinen.com\/shop\/de\/wp-json\/wp\/v2\/comments?post=1081"}],"version-history":[{"count":7,"href":"https:\/\/www.salinen.com\/shop\/de\/wp-json\/wp\/v2\/product\/1081\/revisions"}],"predecessor-version":[{"id":13973,"href":"https:\/\/www.salinen.com\/shop\/de\/wp-json\/wp\/v2\/product\/1081\/revisions\/13973"}],"wp:featuredmedia":[{"embeddable":true,"href":"https:\/\/www.salinen.com\/shop\/de\/wp-json\/wp\/v2\/media\/6408"}],"wp:attachment":[{"href":"https:\/\/www.salinen.com\/shop\/de\/wp-json\/wp\/v2\/media?parent=1081"}],"wp:term":[{"taxonomy":"product_cat","embeddable":true,"href":"https:\/\/www.salinen.com\/shop\/de\/wp-json\/wp\/v2\/product_cat?post=1081"},{"taxonomy":"product_tag","embeddable":true,"href":"https:\/\/www.salinen.com\/shop\/de\/wp-json\/wp\/v2\/product_tag?post=1081"}],"curies":[{"name":"wp","href":"https:\/\/api.w.org\/{rel}","templated":true}]}}