{"id":1078,"date":"2021-11-16T13:14:07","date_gmt":"2021-11-16T12:14:07","guid":{"rendered":"https:\/\/www.salinen.com\/woo\/produkt\/bad-ischler-kristallsalz-fein-jodiert-mit-fluorid-500g\/"},"modified":"2026-03-01T10:40:32","modified_gmt":"2026-03-01T09:40:32","slug":"bad-ischler-kristallsalz-mit-fluorid-500g","status":"publish","type":"product","link":"https:\/\/www.salinen.com\/shop\/de\/produkt\/bad-ischler-kristallsalz-mit-fluorid-500g\/","title":{"rendered":"BAD ISCHLER Kristallsalz mit Fluorid 500g"},"content":{"rendered":"<p>Unser <strong>feink\u00f6rniges und jodiertes BAD ISCHLER Kristallsalz mit Fluorid<\/strong> ist das ideale Salz f\u00fcr jede K\u00fcche. Das Fluorid im Kristallsalz tr\u00e4gt wesentlich zur Erhaltung der Zahnmineralisierung bei. Dieses Speisesalz eignet sich hervorragend zum feinen W\u00fcrzen all Ihrer Lieblingsspeisen.<\/p>\n<p>Dieses Salz aus \u00d6sterreich ist Ihr unverzichtbarer Begleiter beim Kochen und Verfeinern Ihrer Gerichte! Ob f\u00fcr ein kleines, schnelles Mittagsgericht, ein etwas umfangreicheres Essen f\u00fcr die ganze Familie oder ganz einfach f\u00fcr einen knackigen Salat. Das BAD ISCHLER Kristallsalz verfeinert jedes Ihrer Lieblingsgerichte und verleiht diesem die ganz besondere Note. Gaumenfreuden sind somit garantiert!<\/p>\n<p><strong class=\"blueheadline\">SALZWEISHEITEN<\/strong><br \/>\nDas Jod in unserem Kristallsalz ist wichtig f\u00fcr den menschlichen Organismus, um Schilddr\u00fcsenhormone zu bilden. Diese Hormone sind wiederum wichtig f\u00fcr den Stoffwechsel. Die Deutsche Gesellschaft f\u00fcr Ern\u00e4hrung empfiehlt jodiertes Speisesalz zu verwenden um damit einer mangelhaften Versorgung mit Jod vorzubeugen.<\/p>\n<p>Fluorid ist ein Spurenelement, das unsere Z\u00e4hne beispielsweise vor Karies sch\u00fctzt. Es f\u00f6rdert zudem die Mineraleinlagerung und die H\u00e4rtung des Zahnschmelzes.<\/p>\n","protected":false},"excerpt":{"rendered":"<p>&nbsp;<\/p>\n<h2><strong>Das jodierte Speisesalz mit Fluorid aus \u00d6sterreichs Alpen.<\/strong><\/h2>\n<p>&nbsp;<\/p>\n<ul>\n<li><strong>jodiert, fein &amp; mit Fluorid<\/strong><\/li>\n<li><strong>im handlichen &amp; praktischen Eurokarton<\/strong><\/li>\n<li><strong>geeignet zum Kochen &amp; Verfeinern<\/strong><\/li>\n<li><strong>sch\u00fctzt die Z\u00e4hne<\/strong><\/li>\n<li><strong>vom Berg besch\u00fctzt und bewahrt<\/strong><\/li>\n<li><strong>schonend gef\u00f6rdert und sorgsam verarbeitet in \u00d6sterreich<\/strong><\/li>\n<\/ul>\n<p><img loading=\"lazy\" class=\"alignnone size-full wp-image-1432\" src=\"https:\/\/www.salinen.com\/shop\/wp-content\/uploads\/2021\/11\/ama-onlineshop-saag-2021.jpg\" alt=\"\" width=\"120\" height=\"80\" srcset=\"https:\/\/www.salinen.com\/shop\/wp-content\/uploads\/2021\/11\/ama-onlineshop-saag-2021.jpg 120w, https:\/\/www.salinen.com\/shop\/wp-content\/uploads\/2021\/11\/ama-onlineshop-saag-2021-20x12.jpg 20w\" sizes=\"(max-width: 120px) 100vw, 120px\" \/><\/p>\n","protected":false},"featured_media":6377,"comment_status":"open","ping_status":"closed","template":"","meta":[],"product_cat":[24,27],"product_tag":[],"_links":{"self":[{"href":"https:\/\/www.salinen.com\/shop\/de\/wp-json\/wp\/v2\/product\/1078"}],"collection":[{"href":"https:\/\/www.salinen.com\/shop\/de\/wp-json\/wp\/v2\/product"}],"about":[{"href":"https:\/\/www.salinen.com\/shop\/de\/wp-json\/wp\/v2\/types\/product"}],"replies":[{"embeddable":true,"href":"https:\/\/www.salinen.com\/shop\/de\/wp-json\/wp\/v2\/comments?post=1078"}],"version-history":[{"count":8,"href":"https:\/\/www.salinen.com\/shop\/de\/wp-json\/wp\/v2\/product\/1078\/revisions"}],"predecessor-version":[{"id":13968,"href":"https:\/\/www.salinen.com\/shop\/de\/wp-json\/wp\/v2\/product\/1078\/revisions\/13968"}],"wp:featuredmedia":[{"embeddable":true,"href":"https:\/\/www.salinen.com\/shop\/de\/wp-json\/wp\/v2\/media\/6377"}],"wp:attachment":[{"href":"https:\/\/www.salinen.com\/shop\/de\/wp-json\/wp\/v2\/media?parent=1078"}],"wp:term":[{"taxonomy":"product_cat","embeddable":true,"href":"https:\/\/www.salinen.com\/shop\/de\/wp-json\/wp\/v2\/product_cat?post=1078"},{"taxonomy":"product_tag","embeddable":true,"href":"https:\/\/www.salinen.com\/shop\/de\/wp-json\/wp\/v2\/product_tag?post=1078"}],"curies":[{"name":"wp","href":"https:\/\/api.w.org\/{rel}","templated":true}]}}