{"id":1074,"date":"2021-11-16T13:14:06","date_gmt":"2021-11-16T12:14:06","guid":{"rendered":"https:\/\/www.salinen.com\/woo\/produkt\/bad-ischler-7-kraeuter-salz-1kg\/"},"modified":"2026-03-26T19:50:09","modified_gmt":"2026-03-26T18:50:09","slug":"bad-ischler-7-kraeuter-salz-1kg","status":"publish","type":"product","link":"https:\/\/www.salinen.com\/shop\/de\/produkt\/bad-ischler-7-kraeuter-salz-1kg\/","title":{"rendered":"BAD ISCHLER 7 Kr\u00e4uter Salz 1kg"},"content":{"rendered":"<p>Das\u00a0<strong>feink\u00f6rnige &amp; jodierte BAD ISCHLER 7 Kr\u00e4uter Salz<\/strong> in der 1kg Vorratspackung schmeckt wie frisch aus dem Garten. Petersilie, Basilikum, Majoran, Thymian, Dill, Rosmarin und Oregano verfeinern\u00a0herzhafte Fleischgerichte, vitaminreiche Gem\u00fcsepfannen oder k\u00f6stliche Salate.<\/p>\n<p>Ideal f\u00fcr alle, die Kr\u00e4uter \u00fcber alles lieben.<\/p>\n<p>Unsere Gew\u00fcrzsalze sind zu <strong>100 % vegan, allergenfrei, glutenfrei und lactosefrei!<\/strong> Gaumenfreuden sind somit garantiert!<\/p>\n<p><strong class=\"blueheadline\">SALZWEISHEITEN<\/strong><br \/>\nDas Jod in unserem Kristallalz ist wichtig f\u00fcr den menschlichen Organismus, um Schilddr\u00fcsenhormone zu bilden. Diese Hormone sind wiederum wichtig f\u00fcr den Stoffwechsel. Die <strong>Deutsche Gesellschaft f\u00fcr Ern\u00e4hrung<\/strong> empfiehlt aus diesem Grund jodiertes Speisesalz zu verwenden, um einer mangelhaften Versorgung mit Jod vorzubeugen.<\/p>\n<p><strong class=\"blueheadline\">KOCHREZEPT TIPP<\/strong><br \/>\nDer traditionelle Klassiker &#8211; saftiges Schweinskarree in Kr\u00e4uterkruste mit Erd\u00e4pfel-Grammelstrudel.<br \/>\n<a href=\"https:\/\/www.badischler.at\/rezepte\/detail\/saftiges-schweinskarree-in-kraeuterkruste-mit-erdaepfel-grammelstrudel\" target=\"_blank\" rel=\"noopener\"><strong>Hier geht\u00b4s zum Rezept!<\/strong><\/a><\/p>\n","protected":false},"excerpt":{"rendered":"<h2>Gew\u00fcrzsalz \u2013 fein &amp; jodiert<\/h2>\n<p>&nbsp;<\/p>\n<p>7 Kr\u00e4uter Gew\u00fcrzsalz, der allseits beliebte Allrounder, mit Salz aus den \u00f6sterreichischen Alpen.<\/p>\n<ul>\n<li><strong>feink\u00f6rnig &amp; jodiert<\/strong><\/li>\n<li><strong>in der praktischen 1kg Vorratspackung<\/strong><\/li>\n<li><strong>bestens geeignet zum W\u00fcrzen &amp; Verfeinern<\/strong><\/li>\n<li><strong>vom Berg besch\u00fctzt und bewahrt<\/strong><\/li>\n<li><strong>schonend gef\u00f6rdert und sorgsam verarbeitet in \u00d6sterreich<\/strong><\/li>\n<\/ul>\n","protected":false},"featured_media":6448,"comment_status":"open","ping_status":"closed","template":"","meta":[],"product_cat":[24,28],"product_tag":[],"_links":{"self":[{"href":"https:\/\/www.salinen.com\/shop\/de\/wp-json\/wp\/v2\/product\/1074"}],"collection":[{"href":"https:\/\/www.salinen.com\/shop\/de\/wp-json\/wp\/v2\/product"}],"about":[{"href":"https:\/\/www.salinen.com\/shop\/de\/wp-json\/wp\/v2\/types\/product"}],"replies":[{"embeddable":true,"href":"https:\/\/www.salinen.com\/shop\/de\/wp-json\/wp\/v2\/comments?post=1074"}],"version-history":[{"count":5,"href":"https:\/\/www.salinen.com\/shop\/de\/wp-json\/wp\/v2\/product\/1074\/revisions"}],"predecessor-version":[{"id":13964,"href":"https:\/\/www.salinen.com\/shop\/de\/wp-json\/wp\/v2\/product\/1074\/revisions\/13964"}],"wp:featuredmedia":[{"embeddable":true,"href":"https:\/\/www.salinen.com\/shop\/de\/wp-json\/wp\/v2\/media\/6448"}],"wp:attachment":[{"href":"https:\/\/www.salinen.com\/shop\/de\/wp-json\/wp\/v2\/media?parent=1074"}],"wp:term":[{"taxonomy":"product_cat","embeddable":true,"href":"https:\/\/www.salinen.com\/shop\/de\/wp-json\/wp\/v2\/product_cat?post=1074"},{"taxonomy":"product_tag","embeddable":true,"href":"https:\/\/www.salinen.com\/shop\/de\/wp-json\/wp\/v2\/product_tag?post=1074"}],"curies":[{"name":"wp","href":"https:\/\/api.w.org\/{rel}","templated":true}]}}