{"id":1073,"date":"2021-11-16T13:14:06","date_gmt":"2021-11-16T12:14:06","guid":{"rendered":"https:\/\/www.salinen.com\/woo\/produkt\/bad-ischler-kristallsalz-fein-jodiert-1-5kg\/"},"modified":"2026-02-06T09:55:05","modified_gmt":"2026-02-06T08:55:05","slug":"bad-ischler-kristallsalz-fein-jodiert-1-5kg","status":"publish","type":"product","link":"https:\/\/www.salinen.com\/shop\/de\/produkt\/bad-ischler-kristallsalz-fein-jodiert-1-5kg\/","title":{"rendered":"BAD ISCHLER Kristallsalz fein &amp; jodiert 1.5kg"},"content":{"rendered":"<p>Unser <strong>feink\u00f6rniges und jodiertes BAD ISCHLER Kristallsalz<\/strong> ist das ideale Salz f\u00fcr jede K\u00fcche. Es eignet sich hervorragend zum feinen W\u00fcrzen und l\u00e4sst sich praktisch und unkompliziert dosieren.<\/p>\n<p>Unser Siedesalz stammt zu 100 % aus \u00d6sterreich und wird auch hier produziert.<\/p>\n<p><strong class=\"blueheadline\">SALZWEISHEITEN<\/strong><br \/>\nDas Jod in unserem Kristallsalz ist wichtig f\u00fcr den menschlichen Organismus, um Schilddr\u00fcsenhormone zu bilden. Diese Hormone sind wiederum wichtig f\u00fcr den Stoffwechsel. Die Deutsche Gesellschaft f\u00fcr Ern\u00e4hrung empfiehlt jodiertes Speisesalz zu verwenden um damit einer mangelhaften Versorgung mit Jod vorzubeugen.<\/p>\n<p><strong class=\"blueheadline\">KOCHREZEPT TIPP<\/strong><br \/>\nLust auf Gem\u00fcse \u2013 herbstliches Ofen Ratatouille mit Salzzitronen.<br \/>\n<strong><a href=\"https:\/\/www.badischler.at\/rezepte\/detail\/herbstliches-ofen-ratatouille-mit-salzzitronen\" target=\"_blank\" rel=\"noopener\">Hier geht\u00b4s zum Rezept!<\/a><\/strong><\/p>\n","protected":false},"excerpt":{"rendered":"<p>&nbsp;<\/p>\n<h2><strong>Jodiertes, feines Speisesalz aus hochreinem \u00f6sterreichischem Siedesalz.<\/strong><\/h2>\n<p>&nbsp;<\/p>\n<ul>\n<li><strong>feink\u00f6rnig &amp; jodiert<\/strong><\/li>\n<li><strong>in der Jumbo-Vorratsdose<\/strong><\/li>\n<li><strong>bestens geeignet zum Kochen &amp; Verfeinern<\/strong><\/li>\n<li><strong>vom Berg besch\u00fctzt und bewahrt<\/strong><\/li>\n<li><strong>schonend gef\u00f6rdert und sorgsam verarbeitet in \u00d6sterreich<\/strong><\/li>\n<\/ul>\n<p><img loading=\"lazy\" class=\"alignnone size-full wp-image-1432\" src=\"https:\/\/www.salinen.com\/shop\/wp-content\/uploads\/2021\/11\/ama-onlineshop-saag-2021.jpg\" alt=\"\" width=\"120\" height=\"80\" srcset=\"https:\/\/www.salinen.com\/shop\/wp-content\/uploads\/2021\/11\/ama-onlineshop-saag-2021.jpg 120w, https:\/\/www.salinen.com\/shop\/wp-content\/uploads\/2021\/11\/ama-onlineshop-saag-2021-20x12.jpg 20w\" sizes=\"(max-width: 120px) 100vw, 120px\" \/><\/p>\n","protected":false},"featured_media":6313,"comment_status":"open","ping_status":"closed","template":"","meta":[],"product_cat":[24,27],"product_tag":[],"_links":{"self":[{"href":"https:\/\/www.salinen.com\/shop\/de\/wp-json\/wp\/v2\/product\/1073"}],"collection":[{"href":"https:\/\/www.salinen.com\/shop\/de\/wp-json\/wp\/v2\/product"}],"about":[{"href":"https:\/\/www.salinen.com\/shop\/de\/wp-json\/wp\/v2\/types\/product"}],"replies":[{"embeddable":true,"href":"https:\/\/www.salinen.com\/shop\/de\/wp-json\/wp\/v2\/comments?post=1073"}],"version-history":[{"count":7,"href":"https:\/\/www.salinen.com\/shop\/de\/wp-json\/wp\/v2\/product\/1073\/revisions"}],"predecessor-version":[{"id":13965,"href":"https:\/\/www.salinen.com\/shop\/de\/wp-json\/wp\/v2\/product\/1073\/revisions\/13965"}],"wp:featuredmedia":[{"embeddable":true,"href":"https:\/\/www.salinen.com\/shop\/de\/wp-json\/wp\/v2\/media\/6313"}],"wp:attachment":[{"href":"https:\/\/www.salinen.com\/shop\/de\/wp-json\/wp\/v2\/media?parent=1073"}],"wp:term":[{"taxonomy":"product_cat","embeddable":true,"href":"https:\/\/www.salinen.com\/shop\/de\/wp-json\/wp\/v2\/product_cat?post=1073"},{"taxonomy":"product_tag","embeddable":true,"href":"https:\/\/www.salinen.com\/shop\/de\/wp-json\/wp\/v2\/product_tag?post=1073"}],"curies":[{"name":"wp","href":"https:\/\/api.w.org\/{rel}","templated":true}]}}